{"id":331,"date":"2019-06-07T13:36:10","date_gmt":"2019-06-07T13:36:10","guid":{"rendered":"http:\/\/www.lexique.org\/?page_id=331"},"modified":"2025-09-04T07:46:34","modified_gmt":"2025-09-04T07:46:34","slug":"lexique-infra-1-00-beta","status":"publish","type":"page","link":"http:\/\/www.lexique.org\/?page_id=331","title":{"rendered":"Lexique-Infra 1.11"},"content":{"rendered":"\n<p class=\"has-text-align-center\">Bas\u00e9 sur Lexique 3.83<\/p>\n\n\n\n<p class=\"has-text-align-center\"><a href=\"https:\/\/sites.google.com\/site\/manuelgimeneshomepage\/\">Manuel Gimenes<\/a>, <a href=\"http:\/\/cerca.labo.univ-poitiers.fr\/non-classe\/cyril-perret\/\"><\/a><a href=\"mailto:cyril.perret@univ-poitiers.fr\"><\/a><a href=\"https:\/\/cerca.labo.univ-poitiers.fr\/membres\/cyril-perret\/\">Cyril Perret<\/a> &amp; <a href=\"http:\/\/psycho-usmb.fr\/boris.new\/\">Boris New<\/a><\/p>\n\n\n\n<p><\/p>\n\n\n\n<div class=\"wp-block-buttons is-horizontal is-content-justification-center is-layout-flex wp-container-core-buttons-is-layout-499968f5 wp-block-buttons-is-layout-flex\">\n<div class=\"wp-block-button\"><a class=\"wp-block-button__link has-dark-gray-color has-accent-background-color has-text-color has-background wp-element-button\" href=\"http:\/\/lexique.org\/shiny\/infra\/\"><strong>Acc\u00e9der \u00e0 Lexique-Infra en ligne<\/strong><\/a><\/div>\n<\/div>\n\n\n\n<p>Lexique-infra est une nouvelle base de donn\u00e9es qui fournit des indicateurs infra-lexicaux pour 137 717 mots du fran\u00e7ais issus de Lexique 3.83. <\/p>\n\n\n\n<p>On y trouve les fr\u00e9quences des <strong>correspondances graph\u00e8me-phon\u00e8me<\/strong> et <strong>phon\u00e8me-graph\u00e8me<\/strong>, ainsi que d\u2019autres indicateurs (consistance, r\u00e9gularit\u00e9, fr\u00e9quences des lettres, bigrammes, trigrammes, phon\u00e8mes, biphones et syllabes, etc.).<\/p>\n\n\n\n<p>Plusieurs nouveaux indicateurs de consistance et de r\u00e9gularit\u00e9 sont \u00e9galement propos\u00e9s : nombre d\u2019irr\u00e9gularit\u00e9s dans un mot, position de l\u2019irr\u00e9gularit\u00e9, complexit\u00e9 moyenne des graph\u00e8mes d\u2019un mot, fr\u00e9quence de la plus faible inconsistance dans un mot. Ces indices ont \u00e9t\u00e9 calcul\u00e9s par type et par occurrence, et en fonction des positions initiale, m\u00e9diane et finale.<\/p>\n\n\n\n<p> T\u00e9l\u00e9charger <a href=\"https:\/\/osf.io\/xenas\/download\">Lexique-infra 1.11<\/a> (<a href=\"https:\/\/osf.io\/x57mc\/download\">Scripts : Lexique-Infra 1.11<\/a>)<\/p>\n\n\n\n<h4 class=\"wp-block-heading\">Publication <\/h4>\n\n\n\n<p>Gimenes, M., Perret, C., &amp; New, B. (2020). <a href=\"https:\/\/drive.google.com\/file\/d\/1uvKrxGqETXkFeRH4PcYaql8ES9FjEdbV\/view?usp=sharing\">Lexique-Infra : r\u00e9gularit\u00e9 graph\u00e8me-phon\u00e8me, phon\u00e8me-graph\u00e8me, consistance et autres statistiques sublexicales pour 137 717 mots polysyllabiques du fran\u00e7ais.&nbsp;<\/a><em>Behavior Research Methods<\/em>.<\/p>\n\n\n\n<h4 class=\"wp-block-heading\">Notes de version<\/h4>\n\n\n\n<p>12\/05\/2021 : Mise en ligne du moteur de recherche Lexique-Infra pour les mots ou pseudomots.<\/p>\n\n\n\n<p>Lexique-Infra 1.11 : Quelques corrections et ajouts dans le manuel et l\u2019onglet \u00ab L\u00e9gende \u00bb.<\/p>\n\n\n\n<h4 class=\"wp-block-heading\">Anciennes versions<\/h4>\n\n\n\n<p><a href=\"https:\/\/osf.io\/7b5p4\/download\">Lexique-infra 1.10<\/a> (<a href=\"https:\/\/osf.io\/rt8by\/download\">Scripts : Lexique-Infra 1.10<\/a>) <\/p>\n\n\n\n<p><a href=\"http:\/\/www.lexique.org\/lexique-infra\/Lexique-Infra.100.zip\">L<\/a><a href=\"http:\/\/lexique-infra.lexique.org\/Lexique-Infra Public 1.00.zip\">exique-infra 1.00<\/a><\/p>\n\n\n\n<p><\/p>\n\n","protected":false},"excerpt":{"rendered":"<p>Bas\u00e9 sur Lexique 3.83 Manuel Gimenes, Cyril Perret &amp; Boris New Lexique-infra est une nouvelle base de donn\u00e9es qui fournit des indicateurs infra-lexicaux pour 137 717 mots du fran\u00e7ais issus de Lexique 3.83. On y trouve les fr\u00e9quences des correspondances graph\u00e8me-phon\u00e8me et phon\u00e8me-graph\u00e8me, ainsi que d\u2019autres indicateurs (consistance, r\u00e9gularit\u00e9, fr\u00e9quences des lettres, bigrammes, trigrammes, phon\u00e8mes, [&hellip;]<\/p>\n","protected":false},"author":1,"featured_media":0,"parent":12,"menu_order":0,"comment_status":"closed","ping_status":"closed","template":"","meta":{"footnotes":""},"class_list":["post-331","page","type-page","status-publish","hentry","post-preview"],"_links":{"self":[{"href":"http:\/\/www.lexique.org\/index.php?rest_route=\/wp\/v2\/pages\/331","targetHints":{"allow":["GET"]}}],"collection":[{"href":"http:\/\/www.lexique.org\/index.php?rest_route=\/wp\/v2\/pages"}],"about":[{"href":"http:\/\/www.lexique.org\/index.php?rest_route=\/wp\/v2\/types\/page"}],"author":[{"embeddable":true,"href":"http:\/\/www.lexique.org\/index.php?rest_route=\/wp\/v2\/users\/1"}],"replies":[{"embeddable":true,"href":"http:\/\/www.lexique.org\/index.php?rest_route=%2Fwp%2Fv2%2Fcomments&post=331"}],"version-history":[{"count":20,"href":"http:\/\/www.lexique.org\/index.php?rest_route=\/wp\/v2\/pages\/331\/revisions"}],"predecessor-version":[{"id":811,"href":"http:\/\/www.lexique.org\/index.php?rest_route=\/wp\/v2\/pages\/331\/revisions\/811"}],"up":[{"embeddable":true,"href":"http:\/\/www.lexique.org\/index.php?rest_route=\/wp\/v2\/pages\/12"}],"wp:attachment":[{"href":"http:\/\/www.lexique.org\/index.php?rest_route=%2Fwp%2Fv2%2Fmedia&parent=331"}],"curies":[{"name":"wp","href":"https:\/\/api.w.org\/{rel}","templated":true}]}}