{"id":473,"date":"2020-02-11T07:55:40","date_gmt":"2020-02-11T07:55:40","guid":{"rendered":"http:\/\/www.lexique.org\/?page_id=473"},"modified":"2020-02-11T08:01:54","modified_gmt":"2020-02-11T08:01:54","slug":"experience-sensorielle-pour-1659-mots","status":"publish","type":"page","link":"http:\/\/www.lexique.org\/?page_id=473","title":{"rendered":"Exp\u00e9rience sensorielle pour 1659 mots"},"content":{"rendered":"\n<h4 class=\"wp-block-heading\">Auteurs : Bonin, P., M\u00e9ot, A., Ferrand, L., &amp; Buga\u00efska, A.<\/h4>\n\n\n\n<p>Nous avons collect\u00e9 les normes d&#8217;exp\u00e9rience sensorielle (TES) de 1 659 mots fran\u00e7ais chez les adultes. L&#8217;exp\u00e9rience sensorielle pour les mots est une variable r\u00e9cemment introduite qui correspond au degr\u00e9 auquel les mots suscitent des exp\u00e9riences sensorielles et perceptuelles.<\/p>\n\n\n\n<p>Table:&nbsp;<a href=\"http:\/\/www.lexique.org\/databases\/Bonin_2013_Assoc_520\/SensoryExp_1659.xlsx\">SensoryExp_1659.xlsx<\/a> <\/p>\n\n\n\n<p>Online:&nbsp;<a href=\"http:\/\/chrplr.github.io\/openlexicon\">Openlexicon<\/a> (Table : SensoryExp_1659)<\/p>\n\n\n\n<h2 class=\"wp-block-heading\">Publications<\/h2>\n\n\n\n<ul class=\"wp-block-list\"><li><a href=\"http:\/\/www.lexique.org\/databases\/Bonin_2013_Assoc_520\/SensoryExp_1659.pdf\">Bonin, P., M\u00e9ot, A., Ferrand, L., &amp; Buga\u00efska, A. (2015). Sensory experience ratings (SERs) for 1,659 French words: Relationships with other psycholinguistic variables and visual word recognition. Behavior research methods, 47(3), 813-825<\/a>.<\/li><\/ul>\n","protected":false},"excerpt":{"rendered":"<p>Auteurs : Bonin, P., M\u00e9ot, A., Ferrand, L., &amp; Buga\u00efska, A. Nous avons collect\u00e9 les normes d&#8217;exp\u00e9rience sensorielle (TES) de 1 659 mots fran\u00e7ais chez les adultes. L&#8217;exp\u00e9rience sensorielle pour les mots est une variable r\u00e9cemment introduite qui correspond au degr\u00e9 auquel les mots suscitent des exp\u00e9riences sensorielles et perceptuelles. Table:&nbsp;SensoryExp_1659.xlsx Online:&nbsp;Openlexicon (Table : SensoryExp_1659) [&hellip;]<\/p>\n","protected":false},"author":1,"featured_media":0,"parent":378,"menu_order":0,"comment_status":"closed","ping_status":"closed","template":"","meta":{"footnotes":""},"class_list":["post-473","page","type-page","status-publish","hentry","post-preview"],"_links":{"self":[{"href":"http:\/\/www.lexique.org\/index.php?rest_route=\/wp\/v2\/pages\/473","targetHints":{"allow":["GET"]}}],"collection":[{"href":"http:\/\/www.lexique.org\/index.php?rest_route=\/wp\/v2\/pages"}],"about":[{"href":"http:\/\/www.lexique.org\/index.php?rest_route=\/wp\/v2\/types\/page"}],"author":[{"embeddable":true,"href":"http:\/\/www.lexique.org\/index.php?rest_route=\/wp\/v2\/users\/1"}],"replies":[{"embeddable":true,"href":"http:\/\/www.lexique.org\/index.php?rest_route=%2Fwp%2Fv2%2Fcomments&post=473"}],"version-history":[{"count":2,"href":"http:\/\/www.lexique.org\/index.php?rest_route=\/wp\/v2\/pages\/473\/revisions"}],"predecessor-version":[{"id":478,"href":"http:\/\/www.lexique.org\/index.php?rest_route=\/wp\/v2\/pages\/473\/revisions\/478"}],"up":[{"embeddable":true,"href":"http:\/\/www.lexique.org\/index.php?rest_route=\/wp\/v2\/pages\/378"}],"wp:attachment":[{"href":"http:\/\/www.lexique.org\/index.php?rest_route=%2Fwp%2Fv2%2Fmedia&parent=473"}],"curies":[{"name":"wp","href":"https:\/\/api.w.org\/{rel}","templated":true}]}}