{"id":481,"date":"2020-02-11T08:11:13","date_gmt":"2020-02-11T08:11:13","guid":{"rendered":"http:\/\/www.lexique.org\/?page_id=481"},"modified":"2020-02-11T08:12:26","modified_gmt":"2020-02-11T08:12:26","slug":"normes-de-concretude-disponibilite-contextuelle-valence-emotionnelle-pour-1659-mots","status":"publish","type":"page","link":"http:\/\/www.lexique.org\/?page_id=481","title":{"rendered":"Normes de concr\u00e9tude, disponibilit\u00e9 contextuelle, valence \u00e9motionnelle pour 1659 mots"},"content":{"rendered":"\n<h4 class=\"wp-block-heading\">Auteurs : Bonin, P., M\u00e9ot, A., &amp; Bugaiska, A.<\/h4>\n\n\n\n<p>On a constat\u00e9 depuis longtemps que les mots qui correspondent \u00e0 une exp\u00e9rience sensorielle potentielle &#8211; les mots concrets &#8211; poss\u00e8dent un avantage de traitement par rapport aux mots abstraits dans diverses t\u00e2ches lexicales. Nous avons recueilli des normes de concr\u00e9tise pour un ensemble de 1 659 mots fran\u00e7ais, ainsi que d&#8217;autres normes psycholinguistiques qui n&#8217;\u00e9taient pas disponibles pour ces mots &#8211; disponibilit\u00e9 contextuelle, valence \u00e9motionnelle et \u00e9veil &#8211; mais qui sont importantes si nous voulons parvenir \u00e0 une meilleure compr\u00e9hension de la signification des effets de concr\u00e9tisation. <\/p>\n\n\n\n<p>Table:&nbsp;<a href=\"http:\/\/www.lexique.org\/databases\/Bonin_2018_Concr_ContextAv_ValEmo_Arous_1659\/Concr_ContextAv_ValEmo_Arous_1659.xlsx\">Concr_ContextAv_ValEmo_Arous_1659.xlsx<\/a><\/p>\n\n\n\n<p>Online:&nbsp;<a href=\"http:\/\/chrplr.github.io\/openlexicon\">Openlexicon<\/a> (Table : Concr_ContextAv_ValEmo_Arous_1659)<\/p>\n\n\n\n<h2 class=\"wp-block-heading\">Publications<\/h2>\n\n\n\n<ul class=\"wp-block-list\"><li><a href=\"http:\/\/www.lexique.org\/databases\/Bonin_2018_Concr_ContextAv_ValEmo_Arous_1659\/Concr_ContextAv_ValEmo_Arous_1659.pdf\">Bonin, P., M\u00e9ot, A., &amp; Bugaiska, A. (2018). Concreteness norms for 1,659 French words: Relationships with other psycholinguistic variables and word recognition times. Behavior research methods, 50(6), 2366-2387.<\/a><\/li><\/ul>\n","protected":false},"excerpt":{"rendered":"<p>Auteurs : Bonin, P., M\u00e9ot, A., &amp; Bugaiska, A. On a constat\u00e9 depuis longtemps que les mots qui correspondent \u00e0 une exp\u00e9rience sensorielle potentielle &#8211; les mots concrets &#8211; poss\u00e8dent un avantage de traitement par rapport aux mots abstraits dans diverses t\u00e2ches lexicales. Nous avons recueilli des normes de concr\u00e9tise pour un ensemble de 1 [&hellip;]<\/p>\n","protected":false},"author":1,"featured_media":0,"parent":378,"menu_order":0,"comment_status":"closed","ping_status":"closed","template":"","meta":{"footnotes":""},"class_list":["post-481","page","type-page","status-publish","hentry","post-preview"],"_links":{"self":[{"href":"http:\/\/www.lexique.org\/index.php?rest_route=\/wp\/v2\/pages\/481","targetHints":{"allow":["GET"]}}],"collection":[{"href":"http:\/\/www.lexique.org\/index.php?rest_route=\/wp\/v2\/pages"}],"about":[{"href":"http:\/\/www.lexique.org\/index.php?rest_route=\/wp\/v2\/types\/page"}],"author":[{"embeddable":true,"href":"http:\/\/www.lexique.org\/index.php?rest_route=\/wp\/v2\/users\/1"}],"replies":[{"embeddable":true,"href":"http:\/\/www.lexique.org\/index.php?rest_route=%2Fwp%2Fv2%2Fcomments&post=481"}],"version-history":[{"count":2,"href":"http:\/\/www.lexique.org\/index.php?rest_route=\/wp\/v2\/pages\/481\/revisions"}],"predecessor-version":[{"id":483,"href":"http:\/\/www.lexique.org\/index.php?rest_route=\/wp\/v2\/pages\/481\/revisions\/483"}],"up":[{"embeddable":true,"href":"http:\/\/www.lexique.org\/index.php?rest_route=\/wp\/v2\/pages\/378"}],"wp:attachment":[{"href":"http:\/\/www.lexique.org\/index.php?rest_route=%2Fwp%2Fv2%2Fmedia&parent=481"}],"curies":[{"name":"wp","href":"https:\/\/api.w.org\/{rel}","templated":true}]}}