{"id":486,"date":"2020-02-11T08:29:08","date_gmt":"2020-02-11T08:29:08","guid":{"rendered":"http:\/\/www.lexique.org\/?page_id=486"},"modified":"2020-02-11T08:29:08","modified_gmt":"2020-02-11T08:29:08","slug":"age-dacquisition-et-familiarite-conceptuelle-pour-1225-mots-mono-et-bisyllabiques","status":"publish","type":"page","link":"http:\/\/www.lexique.org\/?page_id=486","title":{"rendered":"Age d&#8217;acquisition et familiarit\u00e9 conceptuelle pour 1225 mots mono et bisyllabiques"},"content":{"rendered":"\n<h4 class=\"wp-block-heading\">Auteurs : Lachaud, C. <\/h4>\n\n\n\n<p>Une base de donn\u00e9es lexicales a \u00e9t\u00e9 constitu\u00e9e afin d\u2019informer l\u2019\u00e2ge d\u2019acquisition et la familiarit\u00e9 conceptuelle pour un corpus de 1225 mots monosyllabiques et bisyllabiques du Fran\u00e7ais.<\/p>\n\n\n\n<p>Table:\u00a0<a href=\"http:\/\/www.lexique.org\/databases\/Lachaud_2007_AoA_FamConcept_1225\/AoA_FamConcept_1225.xls\">AoA_FamConcept_1225.xls<\/a><\/p>\n\n\n\n<p>Online:\u00a0<a href=\"http:\/\/chrplr.github.io\/openlexicon\">Openlexicon<\/a> (Table : AoA_FamConcept_1225)<\/p>\n\n\n\n<h2 class=\"wp-block-heading\">Publications<\/h2>\n\n\n\n<ul class=\"wp-block-list\"><li><a href=\"http:\/\/www.lexique.org\/databases\/Lachaud_2007_AoA_FamConcept_1225\/AoA_FamConcept_1225.pdf\">Lachaud, C. (2007). CHACQFAM: une base de donn\u00e9es renseignant l\u2019\u00e2ge d\u2019acquisition estim\u00e9 et la familiarit\u00e9 pour 1225 mots monosyllabiques et bisyllabiques du Fran\u00e7ais.<\/a><\/li><\/ul>\n","protected":false},"excerpt":{"rendered":"<p>Auteurs : Lachaud, C. Une base de donn\u00e9es lexicales a \u00e9t\u00e9 constitu\u00e9e afin d\u2019informer l\u2019\u00e2ge d\u2019acquisition et la familiarit\u00e9 conceptuelle pour un corpus de 1225 mots monosyllabiques et bisyllabiques du Fran\u00e7ais. Table:\u00a0AoA_FamConcept_1225.xls Online:\u00a0Openlexicon (Table : AoA_FamConcept_1225) Publications Lachaud, C. (2007). CHACQFAM: une base de donn\u00e9es renseignant l\u2019\u00e2ge d\u2019acquisition estim\u00e9 et la familiarit\u00e9 pour 1225 mots [&hellip;]<\/p>\n","protected":false},"author":1,"featured_media":0,"parent":378,"menu_order":0,"comment_status":"closed","ping_status":"closed","template":"","meta":{"footnotes":""},"class_list":["post-486","page","type-page","status-publish","hentry"],"_links":{"self":[{"href":"http:\/\/www.lexique.org\/index.php?rest_route=\/wp\/v2\/pages\/486","targetHints":{"allow":["GET"]}}],"collection":[{"href":"http:\/\/www.lexique.org\/index.php?rest_route=\/wp\/v2\/pages"}],"about":[{"href":"http:\/\/www.lexique.org\/index.php?rest_route=\/wp\/v2\/types\/page"}],"author":[{"embeddable":true,"href":"http:\/\/www.lexique.org\/index.php?rest_route=\/wp\/v2\/users\/1"}],"replies":[{"embeddable":true,"href":"http:\/\/www.lexique.org\/index.php?rest_route=%2Fwp%2Fv2%2Fcomments&post=486"}],"version-history":[{"count":1,"href":"http:\/\/www.lexique.org\/index.php?rest_route=\/wp\/v2\/pages\/486\/revisions"}],"predecessor-version":[{"id":487,"href":"http:\/\/www.lexique.org\/index.php?rest_route=\/wp\/v2\/pages\/486\/revisions\/487"}],"up":[{"embeddable":true,"href":"http:\/\/www.lexique.org\/index.php?rest_route=\/wp\/v2\/pages\/378"}],"wp:attachment":[{"href":"http:\/\/www.lexique.org\/index.php?rest_route=%2Fwp%2Fv2%2Fmedia&parent=486"}],"curies":[{"name":"wp","href":"https:\/\/api.w.org\/{rel}","templated":true}]}}