{"id":489,"date":"2020-02-11T08:34:21","date_gmt":"2020-02-11T08:34:21","guid":{"rendered":"http:\/\/www.lexique.org\/?page_id=489"},"modified":"2020-02-11T08:34:21","modified_gmt":"2020-02-11T08:34:21","slug":"age-dacquisition-et-frequence-subjective-pour-1493-mots-monosyllabiques","status":"publish","type":"page","link":"http:\/\/www.lexique.org\/?page_id=489","title":{"rendered":"Age d&#8217;acquisition et fr\u00e9quence subjective pour 1493 mots monosyllabiques"},"content":{"rendered":"\n<h4 class=\"wp-block-heading\">Auteurs : Ferrand, L., Bonin, P., M\u00e9ot, A., Augustinova, M., New, B., Pallier, C., &amp; Brysbaert, M.<\/h4>\n\n\n\n<p>Des normes d&#8217;\u00e2ge d&#8217;acquisition (AoA) et de fr\u00e9quence subjective ont \u00e9t\u00e9 recueillies pour les 1 493 mots monosyllabiques fran\u00e7ais les plus connus des \u00e9tudiants fran\u00e7ais. Les \u00e9valuations de l&#8217;AoA ont \u00e9t\u00e9 recueillies en demandant aux participants d&#8217;estimer en ann\u00e9es l&#8217;\u00e2ge auquel ils ont appris chaque mot. Les \u00e9valuations de la fr\u00e9quence subjective ont \u00e9t\u00e9 recueillies sur une \u00e9chelle de 7 points, allant de jamais rencontr\u00e9 \u00e0 rencontr\u00e9 plusieurs fois par jour.<\/p>\n\n\n\n<p>Table:\u00a0<a href=\"http:\/\/www.lexique.org\/databases\/Ferrand_2008_AoA_FreqSub_1493\/AoA_FreqSub_1493.xls\">AoA_FreqSub_1493.xls<\/a><\/p>\n\n\n\n<p>Online:\u00a0<a href=\"http:\/\/chrplr.github.io\/openlexicon\">Openlexicon<\/a> (Table : AoA_FreqSub_1493)<\/p>\n\n\n\n<h2 class=\"wp-block-heading\">Publications<\/h2>\n\n\n\n<ul class=\"wp-block-list\"><li><a href=\"http:\/\/www.lexique.org\/databases\/Ferrand_2008_AoA_FreqSub_1493\/AoA_FreqSub_1493.pdf\">Ferrand, L., Bonin, P., M\u00e9ot, A., Augustinova, M., New, B., Pallier, C., &amp; Brysbaert, M. (2008). Age-of-acquisition and subjective frequency estimates for all generally known monosyllabic French words and their relation with other psycholinguistic variables. Behavior Research Methods, 40(4), 1049-1054.<\/a><\/li><\/ul>\n","protected":false},"excerpt":{"rendered":"<p>Auteurs : Ferrand, L., Bonin, P., M\u00e9ot, A., Augustinova, M., New, B., Pallier, C., &amp; Brysbaert, M. Des normes d&#8217;\u00e2ge d&#8217;acquisition (AoA) et de fr\u00e9quence subjective ont \u00e9t\u00e9 recueillies pour les 1 493 mots monosyllabiques fran\u00e7ais les plus connus des \u00e9tudiants fran\u00e7ais. Les \u00e9valuations de l&#8217;AoA ont \u00e9t\u00e9 recueillies en demandant aux participants d&#8217;estimer en [&hellip;]<\/p>\n","protected":false},"author":1,"featured_media":0,"parent":378,"menu_order":0,"comment_status":"closed","ping_status":"closed","template":"","meta":{"footnotes":""},"class_list":["post-489","page","type-page","status-publish","hentry","post-preview"],"_links":{"self":[{"href":"http:\/\/www.lexique.org\/index.php?rest_route=\/wp\/v2\/pages\/489","targetHints":{"allow":["GET"]}}],"collection":[{"href":"http:\/\/www.lexique.org\/index.php?rest_route=\/wp\/v2\/pages"}],"about":[{"href":"http:\/\/www.lexique.org\/index.php?rest_route=\/wp\/v2\/types\/page"}],"author":[{"embeddable":true,"href":"http:\/\/www.lexique.org\/index.php?rest_route=\/wp\/v2\/users\/1"}],"replies":[{"embeddable":true,"href":"http:\/\/www.lexique.org\/index.php?rest_route=%2Fwp%2Fv2%2Fcomments&post=489"}],"version-history":[{"count":1,"href":"http:\/\/www.lexique.org\/index.php?rest_route=\/wp\/v2\/pages\/489\/revisions"}],"predecessor-version":[{"id":490,"href":"http:\/\/www.lexique.org\/index.php?rest_route=\/wp\/v2\/pages\/489\/revisions\/490"}],"up":[{"embeddable":true,"href":"http:\/\/www.lexique.org\/index.php?rest_route=\/wp\/v2\/pages\/378"}],"wp:attachment":[{"href":"http:\/\/www.lexique.org\/index.php?rest_route=%2Fwp%2Fv2%2Fmedia&parent=489"}],"curies":[{"name":"wp","href":"https:\/\/api.w.org\/{rel}","templated":true}]}}