{"id":492,"date":"2020-02-11T08:42:20","date_gmt":"2020-02-11T08:42:20","guid":{"rendered":"http:\/\/www.lexique.org\/?page_id=492"},"modified":"2020-02-11T08:42:20","modified_gmt":"2020-02-11T08:42:20","slug":"valence-emotionnelle-et-arousal-pour-1286-mots","status":"publish","type":"page","link":"http:\/\/www.lexique.org\/?page_id=492","title":{"rendered":"Valence \u00e9motionnelle et arousal pour 1286 mots"},"content":{"rendered":"\n<h4 class=\"wp-block-heading\">Auteurs : Gobin, P., Camblats, A. M., Faurous, W., &amp; Mathey, S.<\/h4>\n\n\n\n<p>1286 mots fran\u00e7ais ont \u00e9t\u00e9 \u00e9valu\u00e9s en ligne sur la valence \u00e9motionnelle et l&#8217;\u00e9veil (arousal) par 1017 adultes de 18 \u00e0 82 ans. De plus, chaque mot jug\u00e9 n\u00e9gatif ou positif a \u00e9t\u00e9 attribu\u00e9 \u00e0 une cat\u00e9gorie (joie, surprise, col\u00e8re, d\u00e9go\u00fbt, peur ou tristesse).<\/p>\n\n\n\n<p>Table:\u00a0<a href=\"http:\/\/www.lexique.org\/databases\/Gobin_2017_ValEmo_Arous_1286\/ValEmo_Arous_1286.xlsx\">ValEmo_Arous_1286.xlsx<\/a><\/p>\n\n\n\n<p>Online:\u00a0<a href=\"http:\/\/chrplr.github.io\/openlexicon\">Openlexicon<\/a> (Table : ValEmo_Arous_1286)<\/p>\n\n\n\n<h2 class=\"wp-block-heading\">Publications<\/h2>\n\n\n\n<ul class=\"wp-block-list\"><li><a href=\"http:\/\/www.lexique.org\/databases\/Gobin_2017_ValEmo_Arous_1286\/ValEmo_Arous_1286.pdf\">Gobin, P., Camblats, A. M., Faurous, W., &amp; Mathey, S. (2017). Une base de l\u2019\u00e9motionalit\u00e9 (valence, arousal, cat\u00e9gories) de 1286 mots fran\u00e7ais selon l\u2019\u00e2ge (EMA). Revue europ\u00e9enne de psychologie appliqu\u00e9e, 67(1), 25-42.<\/a><\/li><\/ul>\n","protected":false},"excerpt":{"rendered":"<p>Auteurs : Gobin, P., Camblats, A. M., Faurous, W., &amp; Mathey, S. 1286 mots fran\u00e7ais ont \u00e9t\u00e9 \u00e9valu\u00e9s en ligne sur la valence \u00e9motionnelle et l&#8217;\u00e9veil (arousal) par 1017 adultes de 18 \u00e0 82 ans. De plus, chaque mot jug\u00e9 n\u00e9gatif ou positif a \u00e9t\u00e9 attribu\u00e9 \u00e0 une cat\u00e9gorie (joie, surprise, col\u00e8re, d\u00e9go\u00fbt, peur ou [&hellip;]<\/p>\n","protected":false},"author":1,"featured_media":0,"parent":378,"menu_order":0,"comment_status":"closed","ping_status":"closed","template":"","meta":{"footnotes":""},"class_list":["post-492","page","type-page","status-publish","hentry","post-preview"],"_links":{"self":[{"href":"http:\/\/www.lexique.org\/index.php?rest_route=\/wp\/v2\/pages\/492","targetHints":{"allow":["GET"]}}],"collection":[{"href":"http:\/\/www.lexique.org\/index.php?rest_route=\/wp\/v2\/pages"}],"about":[{"href":"http:\/\/www.lexique.org\/index.php?rest_route=\/wp\/v2\/types\/page"}],"author":[{"embeddable":true,"href":"http:\/\/www.lexique.org\/index.php?rest_route=\/wp\/v2\/users\/1"}],"replies":[{"embeddable":true,"href":"http:\/\/www.lexique.org\/index.php?rest_route=%2Fwp%2Fv2%2Fcomments&post=492"}],"version-history":[{"count":1,"href":"http:\/\/www.lexique.org\/index.php?rest_route=\/wp\/v2\/pages\/492\/revisions"}],"predecessor-version":[{"id":495,"href":"http:\/\/www.lexique.org\/index.php?rest_route=\/wp\/v2\/pages\/492\/revisions\/495"}],"up":[{"embeddable":true,"href":"http:\/\/www.lexique.org\/index.php?rest_route=\/wp\/v2\/pages\/378"}],"wp:attachment":[{"href":"http:\/\/www.lexique.org\/index.php?rest_route=%2Fwp%2Fv2%2Fmedia&parent=492"}],"curies":[{"name":"wp","href":"https:\/\/api.w.org\/{rel}","templated":true}]}}