{"id":497,"date":"2020-02-11T08:54:27","date_gmt":"2020-02-11T08:54:27","guid":{"rendered":"http:\/\/www.lexique.org\/?page_id=497"},"modified":"2025-10-31T08:39:29","modified_gmt":"2025-10-31T08:39:29","slug":"valence-emotionnelle-adulte-pour-600-mots","status":"publish","type":"page","link":"http:\/\/www.lexique.org\/?page_id=497","title":{"rendered":"Valence \u00e9motionnelle adulte pour 604 mots"},"content":{"rendered":"\n<h4 class=\"wp-block-heading\">Auteurs : Syssau, A., &amp; Font, N. <\/h4>\n\n\n\n<p>La pr\u00e9sente base de donn\u00e9es fournit la valence \u00e9motionnelle collect\u00e9e chez des adultes (positive, neutre et n\u00e9gative) pour 600 mots.<\/p>\n\n\n\n<p>Table:&nbsp;<a href=\"http:\/\/www.lexique.org\/databases\/Syssau_Font_2005_Valemo_Adultes_604\/Valemo_Adultes_604.xls\">Valemo_Adultes_604.xls<\/a><\/p>\n\n\n\n<p>Online:&nbsp;<a href=\"http:\/\/chrplr.github.io\/openlexicon\">Openlexicon<\/a> (Table : Valemo_Adultes_604)<\/p>\n\n\n\n<h2 class=\"wp-block-heading\">Publications<\/h2>\n\n\n\n<ul class=\"wp-block-list\"><li><a href=\"http:\/\/www.lexique.org\/databases\/Syssau_Font_2005_Valemo_Adultes_604\/Valemo_Adultes_604.pdf\">Syssau, A., &amp; Font, N. (2005). Evaluations des caract\u00e9ristiques \u00e9motionnelles d&#8217;un corpus de 604 mots.&nbsp;<em>Bulletin de psychologie<\/em>, (3), 361-367.<\/a><\/li><\/ul>\n\n\n\n<p><\/p>\n","protected":false},"excerpt":{"rendered":"<p>Auteurs : Syssau, A., &amp; Font, N. La pr\u00e9sente base de donn\u00e9es fournit la valence \u00e9motionnelle collect\u00e9e chez des adultes (positive, neutre et n\u00e9gative) pour 600 mots. Table:&nbsp;Valemo_Adultes_604.xls Online:&nbsp;Openlexicon (Table : Valemo_Adultes_604) Publications Syssau, A., &amp; Font, N. (2005). Evaluations des caract\u00e9ristiques \u00e9motionnelles d&#8217;un corpus de 604 mots.&nbsp;Bulletin de psychologie, (3), 361-367.<\/p>\n","protected":false},"author":1,"featured_media":0,"parent":378,"menu_order":0,"comment_status":"closed","ping_status":"closed","template":"","meta":{"footnotes":""},"class_list":["post-497","page","type-page","status-publish","hentry","post-preview"],"_links":{"self":[{"href":"http:\/\/www.lexique.org\/index.php?rest_route=\/wp\/v2\/pages\/497","targetHints":{"allow":["GET"]}}],"collection":[{"href":"http:\/\/www.lexique.org\/index.php?rest_route=\/wp\/v2\/pages"}],"about":[{"href":"http:\/\/www.lexique.org\/index.php?rest_route=\/wp\/v2\/types\/page"}],"author":[{"embeddable":true,"href":"http:\/\/www.lexique.org\/index.php?rest_route=\/wp\/v2\/users\/1"}],"replies":[{"embeddable":true,"href":"http:\/\/www.lexique.org\/index.php?rest_route=%2Fwp%2Fv2%2Fcomments&post=497"}],"version-history":[{"count":3,"href":"http:\/\/www.lexique.org\/index.php?rest_route=\/wp\/v2\/pages\/497\/revisions"}],"predecessor-version":[{"id":873,"href":"http:\/\/www.lexique.org\/index.php?rest_route=\/wp\/v2\/pages\/497\/revisions\/873"}],"up":[{"embeddable":true,"href":"http:\/\/www.lexique.org\/index.php?rest_route=\/wp\/v2\/pages\/378"}],"wp:attachment":[{"href":"http:\/\/www.lexique.org\/index.php?rest_route=%2Fwp%2Fv2%2Fmedia&parent=497"}],"curies":[{"name":"wp","href":"https:\/\/api.w.org\/{rel}","templated":true}]}}