{"id":500,"date":"2020-02-11T09:01:52","date_gmt":"2020-02-11T09:01:52","guid":{"rendered":"http:\/\/www.lexique.org\/?page_id=500"},"modified":"2020-02-11T10:52:08","modified_gmt":"2020-02-11T10:52:08","slug":"valence-emotionnelle-normee-sur-des-enfants-de-600-mots-selon-lage-et-le-sexe","status":"publish","type":"page","link":"http:\/\/www.lexique.org\/?page_id=500","title":{"rendered":"Valence \u00e9motionnelle norm\u00e9e sur des enfants de 600 mots selon l&#8217;\u00e2ge et le sexe"},"content":{"rendered":"\n<h4 class=\"wp-block-heading\">Auteurs : Syssau, A., &amp; Monnier, C. <\/h4>\n\n\n\n<p>La pr\u00e9sente \u00e9tude fournit une base de donn\u00e9es fran\u00e7aise pour enfants contenant un vaste corpus de mots (N = 600) qui ont \u00e9t\u00e9 \u00e9valu\u00e9s sur leur valence \u00e9motionnelle (positive, neutre et n\u00e9gative) selon l&#8217;\u00e2ge des enfants (5, 7 et 9 ans) et leur sexe (filles et gar\u00e7ons)<\/p>\n\n\n\n<p>Table : <a href=\"http:\/\/www.lexique.org\/databases\/Syssau_2009_Valemo_Enfants_600\/Valemo_Enfants_600.xls\">Valemo_Enfants_600.xls<\/a><\/p>\n\n\n\n<p>Online : <a href=\"http:\/\/chrplr.github.io\/openlexicon\">Openlexicon<\/a> (Table : Valemo_Enfants_600)<\/p>\n\n\n\n<h2 class=\"wp-block-heading\">Publications<\/h2>\n\n\n\n<ul class=\"wp-block-list\"><li><a href=\"http:\/\/www.lexique.org\/databases\/Syssau_2009_Valemo_Enfants_600\/Valemo_Enfants_600.pdf\">Syssau, A., &amp; Monnier, C. (2009). Children\u2019s emotional norms for 600 French words. Behavior Research Methods, 41(1), 213-219.<\/a><\/li><\/ul>\n","protected":false},"excerpt":{"rendered":"<p>Auteurs : Syssau, A., &amp; Monnier, C. La pr\u00e9sente \u00e9tude fournit une base de donn\u00e9es fran\u00e7aise pour enfants contenant un vaste corpus de mots (N = 600) qui ont \u00e9t\u00e9 \u00e9valu\u00e9s sur leur valence \u00e9motionnelle (positive, neutre et n\u00e9gative) selon l&#8217;\u00e2ge des enfants (5, 7 et 9 ans) et leur sexe (filles et gar\u00e7ons) Table [&hellip;]<\/p>\n","protected":false},"author":1,"featured_media":0,"parent":378,"menu_order":0,"comment_status":"closed","ping_status":"closed","template":"","meta":{"footnotes":""},"class_list":["post-500","page","type-page","status-publish","hentry","post-preview"],"_links":{"self":[{"href":"http:\/\/www.lexique.org\/index.php?rest_route=\/wp\/v2\/pages\/500","targetHints":{"allow":["GET"]}}],"collection":[{"href":"http:\/\/www.lexique.org\/index.php?rest_route=\/wp\/v2\/pages"}],"about":[{"href":"http:\/\/www.lexique.org\/index.php?rest_route=\/wp\/v2\/types\/page"}],"author":[{"embeddable":true,"href":"http:\/\/www.lexique.org\/index.php?rest_route=\/wp\/v2\/users\/1"}],"replies":[{"embeddable":true,"href":"http:\/\/www.lexique.org\/index.php?rest_route=%2Fwp%2Fv2%2Fcomments&post=500"}],"version-history":[{"count":2,"href":"http:\/\/www.lexique.org\/index.php?rest_route=\/wp\/v2\/pages\/500\/revisions"}],"predecessor-version":[{"id":530,"href":"http:\/\/www.lexique.org\/index.php?rest_route=\/wp\/v2\/pages\/500\/revisions\/530"}],"up":[{"embeddable":true,"href":"http:\/\/www.lexique.org\/index.php?rest_route=\/wp\/v2\/pages\/378"}],"wp:attachment":[{"href":"http:\/\/www.lexique.org\/index.php?rest_route=%2Fwp%2Fv2%2Fmedia&parent=500"}],"curies":[{"name":"wp","href":"https:\/\/api.w.org\/{rel}","templated":true}]}}