{"id":503,"date":"2020-02-11T10:12:55","date_gmt":"2020-02-11T10:12:55","guid":{"rendered":"http:\/\/www.lexique.org\/?page_id=503"},"modified":"2020-02-11T10:12:55","modified_gmt":"2020-02-11T10:12:55","slug":"imageabilite-pour-1493-mots","status":"publish","type":"page","link":"http:\/\/www.lexique.org\/?page_id=503","title":{"rendered":"Imageabilit\u00e9 pour 1493 mots"},"content":{"rendered":"\n<h4 class=\"wp-block-heading\">Auteurs : Bonin, P., M\u00e9ot, A., Ferrand, L., &amp; Roux, S. <\/h4>\n\n\n\n<p>Cette base de donn\u00e9es pr\u00e9sente des normes d\u2019imageabilit\u00e9 (ou valeurs d\u2019imagerie) pour un ensemble de 1493 mots.\u00a0<\/p>\n\n\n\n<p>Table:\u00a0<a href=\"http:\/\/www.lexique.org\/databases\/Bonin_2011_Imag_1493\/Imag_1493.xls\">Imag_1493.xls<\/a><\/p>\n\n\n\n<p>Online:&nbsp;<a href=\"http:\/\/chrplr.github.io\/openlexicon\">Openlexicon<\/a><\/p>\n\n\n\n<h2 class=\"wp-block-heading\">Publications<\/h2>\n\n\n\n<ul class=\"wp-block-list\"><li><a href=\"http:\/\/www.lexique.org\/databases\/Bonin_2011_Imag_1493\/Imag_1493.pdf\">Bonin, P., M\u00e9ot, A., Ferrand, L., &amp; Roux, S. (2011). L\u2019imageabilit\u00e9: normes et relations avec d\u2019autres variables psycholinguistiques. LAnnee psychologique, 111(2), 327-357.<\/a><\/li><\/ul>\n","protected":false},"excerpt":{"rendered":"<p>Auteurs : Bonin, P., M\u00e9ot, A., Ferrand, L., &amp; Roux, S. Cette base de donn\u00e9es pr\u00e9sente des normes d\u2019imageabilit\u00e9 (ou valeurs d\u2019imagerie) pour un ensemble de 1493 mots.\u00a0 Table:\u00a0Imag_1493.xls Online:&nbsp;Openlexicon Publications Bonin, P., M\u00e9ot, A., Ferrand, L., &amp; Roux, S. (2011). L\u2019imageabilit\u00e9: normes et relations avec d\u2019autres variables psycholinguistiques. LAnnee psychologique, 111(2), 327-357.<\/p>\n","protected":false},"author":1,"featured_media":0,"parent":378,"menu_order":0,"comment_status":"closed","ping_status":"closed","template":"","meta":{"footnotes":""},"class_list":["post-503","page","type-page","status-publish","hentry","post-preview"],"_links":{"self":[{"href":"http:\/\/www.lexique.org\/index.php?rest_route=\/wp\/v2\/pages\/503","targetHints":{"allow":["GET"]}}],"collection":[{"href":"http:\/\/www.lexique.org\/index.php?rest_route=\/wp\/v2\/pages"}],"about":[{"href":"http:\/\/www.lexique.org\/index.php?rest_route=\/wp\/v2\/types\/page"}],"author":[{"embeddable":true,"href":"http:\/\/www.lexique.org\/index.php?rest_route=\/wp\/v2\/users\/1"}],"replies":[{"embeddable":true,"href":"http:\/\/www.lexique.org\/index.php?rest_route=%2Fwp%2Fv2%2Fcomments&post=503"}],"version-history":[{"count":1,"href":"http:\/\/www.lexique.org\/index.php?rest_route=\/wp\/v2\/pages\/503\/revisions"}],"predecessor-version":[{"id":504,"href":"http:\/\/www.lexique.org\/index.php?rest_route=\/wp\/v2\/pages\/503\/revisions\/504"}],"up":[{"embeddable":true,"href":"http:\/\/www.lexique.org\/index.php?rest_route=\/wp\/v2\/pages\/378"}],"wp:attachment":[{"href":"http:\/\/www.lexique.org\/index.php?rest_route=%2Fwp%2Fv2%2Fmedia&parent=503"}],"curies":[{"name":"wp","href":"https:\/\/api.w.org\/{rel}","templated":true}]}}