{"id":515,"date":"2020-02-11T10:27:10","date_gmt":"2020-02-11T10:27:10","guid":{"rendered":"http:\/\/www.lexique.org\/?page_id=515"},"modified":"2020-02-11T10:27:10","modified_gmt":"2020-02-11T10:27:10","slug":"frequence-subjective-de-660-mots-par-des-sujets-adultes-et-des-sujet-ages","status":"publish","type":"page","link":"http:\/\/www.lexique.org\/?page_id=515","title":{"rendered":"Fr\u00e9quence subjective de 660 mots par des sujets adultes et des sujet \u00e2g\u00e9s"},"content":{"rendered":"\n<h4 class=\"wp-block-heading\">Auteurs : Robert, C., Dorot, D., &amp; Mathey, S.<\/h4>\n\n\n\n<p>Cette base de donn\u00e9es pr\u00e9sente des normes de fr\u00e9quence subjective pour 660 mots de la langue fran\u00e7aise recueillies aupr\u00e8s d\u2019adultes jeunes (M = 22,6 ans) et \u00e2g\u00e9s (M = 71,2 ans). La fr\u00e9quence subjective a \u00e9t\u00e9 \u00e9valu\u00e9e en utilisant une \u00e9chelle en 7 points, allant de \u00ab jamais rencontr\u00e9 \u00bb \u00e0 \u00ab rencontr\u00e9 plusieurs fois par jour \u00bb.<\/p>\n\n\n\n<p>Table:\u00a0<a href=\"http:\/\/www.lexique.org\/databases\/Robert_2012_FreqSub_Adulte_Senior_660\/FreqSub_Adulte_Senior_660.xls\">FreqSub_Adulte_Senior_660.xls<\/a><\/p>\n\n\n\n<p>Online:\u00a0<a href=\"http:\/\/chrplr.github.io\/openlexicon\">Openlexicon<\/a> (Table : FreqSub_Adulte_Senior_660)<\/p>\n\n\n\n<h2 class=\"wp-block-heading\">Publications<\/h2>\n\n\n\n<ul class=\"wp-block-list\"><li><a href=\"http:\/\/www.lexique.org\/databases\/Robert_2012_FreqSub_Adulte_Senior_660\/FreqSub_Adulte_Senior_660.pdf\">Robert, C., Dorot, D., &amp; Mathey, S. (2012). Du campus au jardin: estimations de fr\u00e9quence subjective aupr\u00e8s d\u2019adultes jeunes et \u00e2g\u00e9s pour 660 mots de la langue fran\u00e7aise. LAnnee psychologique, 112(2), 227-246.<\/a><\/li><\/ul>\n","protected":false},"excerpt":{"rendered":"<p>Auteurs : Robert, C., Dorot, D., &amp; Mathey, S. Cette base de donn\u00e9es pr\u00e9sente des normes de fr\u00e9quence subjective pour 660 mots de la langue fran\u00e7aise recueillies aupr\u00e8s d\u2019adultes jeunes (M = 22,6 ans) et \u00e2g\u00e9s (M = 71,2 ans). La fr\u00e9quence subjective a \u00e9t\u00e9 \u00e9valu\u00e9e en utilisant une \u00e9chelle en 7 points, allant de [&hellip;]<\/p>\n","protected":false},"author":1,"featured_media":0,"parent":378,"menu_order":0,"comment_status":"closed","ping_status":"closed","template":"","meta":{"footnotes":""},"class_list":["post-515","page","type-page","status-publish","hentry"],"_links":{"self":[{"href":"http:\/\/www.lexique.org\/index.php?rest_route=\/wp\/v2\/pages\/515","targetHints":{"allow":["GET"]}}],"collection":[{"href":"http:\/\/www.lexique.org\/index.php?rest_route=\/wp\/v2\/pages"}],"about":[{"href":"http:\/\/www.lexique.org\/index.php?rest_route=\/wp\/v2\/types\/page"}],"author":[{"embeddable":true,"href":"http:\/\/www.lexique.org\/index.php?rest_route=\/wp\/v2\/users\/1"}],"replies":[{"embeddable":true,"href":"http:\/\/www.lexique.org\/index.php?rest_route=%2Fwp%2Fv2%2Fcomments&post=515"}],"version-history":[{"count":1,"href":"http:\/\/www.lexique.org\/index.php?rest_route=\/wp\/v2\/pages\/515\/revisions"}],"predecessor-version":[{"id":516,"href":"http:\/\/www.lexique.org\/index.php?rest_route=\/wp\/v2\/pages\/515\/revisions\/516"}],"up":[{"embeddable":true,"href":"http:\/\/www.lexique.org\/index.php?rest_route=\/wp\/v2\/pages\/378"}],"wp:attachment":[{"href":"http:\/\/www.lexique.org\/index.php?rest_route=%2Fwp%2Fv2%2Fmedia&parent=515"}],"curies":[{"name":"wp","href":"https:\/\/api.w.org\/{rel}","templated":true}]}}