{"id":518,"date":"2020-02-11T10:36:00","date_gmt":"2020-02-11T10:36:00","guid":{"rendered":"http:\/\/www.lexique.org\/?page_id=518"},"modified":"2020-02-11T10:36:00","modified_gmt":"2020-02-11T10:36:00","slug":"associations-verbales-pour-360-mots","status":"publish","type":"page","link":"http:\/\/www.lexique.org\/?page_id=518","title":{"rendered":"Associations verbales pour 360 mots"},"content":{"rendered":"\n<h4 class=\"wp-block-heading\">Auteurs : Ferrand, L., &amp; Alario, F. X. <\/h4>\n\n\n\n<p>Cette base de donn\u00e9es pr\u00e9sente des normes d&#8217;association de mots d\u00e9velopp\u00e9e pour la recherche exp\u00e9rimentale en psycholinguistique. Elle contient des normes d&#8217;association libre de plus de 300 mots de la langue fran\u00e7aise, recueillis aupr\u00e8s d&#8217;un groupe de 89 francophones, \u00e2g\u00e9s de 18 \u00e0 25 ans.<\/p>\n\n\n\n<p>Table:\u00a0<a href=\"http:\/\/www.lexique.org\/databases\/Ferrand_1998_Assoc_366\/Assoc_366.xlsx\">Assoc_366.xlsx<\/a><\/p>\n\n\n\n<p>Online:\u00a0<a href=\"http:\/\/chrplr.github.io\/openlexicon\">Openlexicon<\/a> (Table : Assoc_366)<\/p>\n\n\n\n<h2 class=\"wp-block-heading\">Publications<\/h2>\n\n\n\n<ul class=\"wp-block-list\"><li><a href=\"http:\/\/www.lexique.org\/databases\/Ferrand_1998_Assoc_366\/Assoc_366.pdf\">Ferrand, L., &amp; Alario, F. X. (1998). Normes d&#8217;associations verbales pour 366 noms d&#8217;objets concrets.\u00a0<em>L&#8217;Ann\u00e9e psychologique<\/em>,\u00a0<em>98<\/em>(4), 659-709.<\/a><\/li><\/ul>\n","protected":false},"excerpt":{"rendered":"<p>Auteurs : Ferrand, L., &amp; Alario, F. X. Cette base de donn\u00e9es pr\u00e9sente des normes d&#8217;association de mots d\u00e9velopp\u00e9e pour la recherche exp\u00e9rimentale en psycholinguistique. Elle contient des normes d&#8217;association libre de plus de 300 mots de la langue fran\u00e7aise, recueillis aupr\u00e8s d&#8217;un groupe de 89 francophones, \u00e2g\u00e9s de 18 \u00e0 25 ans. Table:\u00a0Assoc_366.xlsx Online:\u00a0Openlexicon [&hellip;]<\/p>\n","protected":false},"author":1,"featured_media":0,"parent":0,"menu_order":0,"comment_status":"closed","ping_status":"closed","template":"","meta":{"footnotes":""},"class_list":["post-518","page","type-page","status-publish","hentry"],"_links":{"self":[{"href":"http:\/\/www.lexique.org\/index.php?rest_route=\/wp\/v2\/pages\/518","targetHints":{"allow":["GET"]}}],"collection":[{"href":"http:\/\/www.lexique.org\/index.php?rest_route=\/wp\/v2\/pages"}],"about":[{"href":"http:\/\/www.lexique.org\/index.php?rest_route=\/wp\/v2\/types\/page"}],"author":[{"embeddable":true,"href":"http:\/\/www.lexique.org\/index.php?rest_route=\/wp\/v2\/users\/1"}],"replies":[{"embeddable":true,"href":"http:\/\/www.lexique.org\/index.php?rest_route=%2Fwp%2Fv2%2Fcomments&post=518"}],"version-history":[{"count":1,"href":"http:\/\/www.lexique.org\/index.php?rest_route=\/wp\/v2\/pages\/518\/revisions"}],"predecessor-version":[{"id":519,"href":"http:\/\/www.lexique.org\/index.php?rest_route=\/wp\/v2\/pages\/518\/revisions\/519"}],"wp:attachment":[{"href":"http:\/\/www.lexique.org\/index.php?rest_route=%2Fwp%2Fv2%2Fmedia&parent=518"}],"curies":[{"name":"wp","href":"https:\/\/api.w.org\/{rel}","templated":true}]}}