{"id":521,"date":"2020-02-11T10:39:46","date_gmt":"2020-02-11T10:39:46","guid":{"rendered":"http:\/\/www.lexique.org\/?page_id=521"},"modified":"2025-09-04T09:01:58","modified_gmt":"2025-09-04T09:01:58","slug":"normes-dassociations-verbales-pour-520-noms-concrets","status":"publish","type":"page","link":"http:\/\/www.lexique.org\/?page_id=521","title":{"rendered":"Normes d&#8217;associations verbales pour 520 noms concrets"},"content":{"rendered":"\n<h4 class=\"wp-block-heading\">Auteurs : Bonin, P., M\u00e9ot, A., Ferrand, L., &amp; Buga\u00efska, A.<\/h4>\n\n\n\n<p>Cet base de donn\u00e9es pr\u00e9sente un nouvel ensemble de normes d\u2019associations verbales pour 520 noms concrets du fran\u00e7ais.<\/p>\n\n\n\n<p>Table:\u00a0<a href=\"http:\/\/www.lexique.org\/databases\/Bonin_2013_Assoc_520\/Assoc_520.xls\">Assoc_520.xls<\/a><\/p>\n\n\n\n<p>Online:\u00a0<a href=\"http:\/\/chrplr.github.io\/openlexicon\">Openlexicon<\/a> (Table : Assoc_520)<\/p>\n\n\n\n<h2 class=\"wp-block-heading\">Publications<\/h2>\n\n\n\n<ul class=\"wp-block-list\"><li><a href=\"http:\/\/www.lexique.org\/databases\/Bonin_2013_Assoc_520\/Assoc_520.pdf\">Bonin, P., M\u00e9ot, A., Ferrand, L., &amp; Buga\u00efska, A. (2013). Normes d\u2019associations verbales pour 520 mots concrets et \u00e9tude de leurs relations avec d\u2019autres variables psycholinguistiques. LAnnee psychologique, 113(1), 63-92.<\/a><\/li><\/ul>\n","protected":false},"excerpt":{"rendered":"<p>Auteurs : Bonin, P., M\u00e9ot, A., Ferrand, L., &amp; Buga\u00efska, A. Cet base de donn\u00e9es pr\u00e9sente un nouvel ensemble de normes d\u2019associations verbales pour 520 noms concrets du fran\u00e7ais. Table:\u00a0Assoc_520.xls Online:\u00a0Openlexicon (Table : Assoc_520) Publications Bonin, P., M\u00e9ot, A., Ferrand, L., &amp; Buga\u00efska, A. (2013). Normes d\u2019associations verbales pour 520 mots concrets et \u00e9tude de [&hellip;]<\/p>\n","protected":false},"author":1,"featured_media":0,"parent":378,"menu_order":0,"comment_status":"closed","ping_status":"closed","template":"","meta":{"footnotes":""},"class_list":["post-521","page","type-page","status-publish","hentry","post-preview"],"_links":{"self":[{"href":"http:\/\/www.lexique.org\/index.php?rest_route=\/wp\/v2\/pages\/521","targetHints":{"allow":["GET"]}}],"collection":[{"href":"http:\/\/www.lexique.org\/index.php?rest_route=\/wp\/v2\/pages"}],"about":[{"href":"http:\/\/www.lexique.org\/index.php?rest_route=\/wp\/v2\/types\/page"}],"author":[{"embeddable":true,"href":"http:\/\/www.lexique.org\/index.php?rest_route=\/wp\/v2\/users\/1"}],"replies":[{"embeddable":true,"href":"http:\/\/www.lexique.org\/index.php?rest_route=%2Fwp%2Fv2%2Fcomments&post=521"}],"version-history":[{"count":1,"href":"http:\/\/www.lexique.org\/index.php?rest_route=\/wp\/v2\/pages\/521\/revisions"}],"predecessor-version":[{"id":522,"href":"http:\/\/www.lexique.org\/index.php?rest_route=\/wp\/v2\/pages\/521\/revisions\/522"}],"up":[{"embeddable":true,"href":"http:\/\/www.lexique.org\/index.php?rest_route=\/wp\/v2\/pages\/378"}],"wp:attachment":[{"href":"http:\/\/www.lexique.org\/index.php?rest_route=%2Fwp%2Fv2%2Fmedia&parent=521"}],"curies":[{"name":"wp","href":"https:\/\/api.w.org\/{rel}","templated":true}]}}