{"id":539,"date":"2020-02-11T15:29:01","date_gmt":"2020-02-11T15:29:01","guid":{"rendered":"http:\/\/www.lexique.org\/?page_id=539"},"modified":"2020-02-11T15:29:01","modified_gmt":"2020-02-11T15:29:01","slug":"evaluations-emotionnelles-de-835-adjectifs-pour-des-sujets-jeunes-dage-moyen-et-plus-ages","status":"publish","type":"page","link":"http:\/\/www.lexique.org\/?page_id=539","title":{"rendered":"Evaluations \u00e9motionnelles de 835 adjectifs pour des sujets jeunes d&#8217;\u00e2ge moyen et plus \u00e2g\u00e9s"},"content":{"rendered":"\n<h4 class=\"wp-block-heading\">Auteurs : Gilet, A. L., Gr\u00fchn, D., Studer, J., &amp; Labouvie-Vief, G. <\/h4>\n\n\n\n<p>Cette base de donn\u00e9es a \u00e9tudi\u00e9 les diff\u00e9rences li\u00e9es \u00e0 l&#8217;\u00e2ge dans les \u00e9valuations \u00e9motionnelles des adjectifs fran\u00e7ais. Des adultes jeunes, d&#8217;\u00e2ge moyen et plus \u00e2g\u00e9s ont jug\u00e9 835 adjectifs fran\u00e7ais sur la valence, l&#8217;\u00e9veil (arousal) et l&#8217;imagerie.<\/p>\n\n\n\n<p>Table :\u00a0<a href=\"http:\/\/www.lexique.org\/databases\/Gilet_2012_ValEmo_Arous_Imag_835\/ValEmo_Arous_Imag_835.xls\">ValEmo_Arous_Imag_835.xls<\/a><\/p>\n\n\n\n<p>Online :\u00a0<a href=\"http:\/\/chrplr.github.io\/openlexicon\">Openlexicon<\/a> (Table : ValEmo_Arous_Imag_835)<\/p>\n\n\n\n<h2 class=\"wp-block-heading\">Publications<\/h2>\n\n\n\n<ul class=\"wp-block-list\"><li><a href=\"http:\/\/www.lexique.org\/databases\/Gilet_2012_ValEmo_Arous_Imag_835\/ValEmo_Arous_Imag_835.pdf\">Gilet, A. L., Gr\u00fchn, D., Studer, J., &amp; Labouvie-Vief, G. (2012). Valence, arousal, and imagery ratings for 835 French attributes by young, middle-aged, and older adults: The French Emotional Evaluation List (FEEL). Revue Europ\u00e9enne de Psychologie Appliqu\u00e9e\/European Review of Applied Psychology, 62(3), 173-181.<\/a><\/li><\/ul>\n\n\n\n<p><\/p>\n","protected":false},"excerpt":{"rendered":"<p>Auteurs : Gilet, A. L., Gr\u00fchn, D., Studer, J., &amp; Labouvie-Vief, G. Cette base de donn\u00e9es a \u00e9tudi\u00e9 les diff\u00e9rences li\u00e9es \u00e0 l&#8217;\u00e2ge dans les \u00e9valuations \u00e9motionnelles des adjectifs fran\u00e7ais. Des adultes jeunes, d&#8217;\u00e2ge moyen et plus \u00e2g\u00e9s ont jug\u00e9 835 adjectifs fran\u00e7ais sur la valence, l&#8217;\u00e9veil (arousal) et l&#8217;imagerie. Table :\u00a0ValEmo_Arous_Imag_835.xls Online :\u00a0Openlexicon (Table [&hellip;]<\/p>\n","protected":false},"author":1,"featured_media":0,"parent":378,"menu_order":0,"comment_status":"closed","ping_status":"closed","template":"","meta":{"footnotes":""},"class_list":["post-539","page","type-page","status-publish","hentry","post-preview"],"_links":{"self":[{"href":"http:\/\/www.lexique.org\/index.php?rest_route=\/wp\/v2\/pages\/539","targetHints":{"allow":["GET"]}}],"collection":[{"href":"http:\/\/www.lexique.org\/index.php?rest_route=\/wp\/v2\/pages"}],"about":[{"href":"http:\/\/www.lexique.org\/index.php?rest_route=\/wp\/v2\/types\/page"}],"author":[{"embeddable":true,"href":"http:\/\/www.lexique.org\/index.php?rest_route=\/wp\/v2\/users\/1"}],"replies":[{"embeddable":true,"href":"http:\/\/www.lexique.org\/index.php?rest_route=%2Fwp%2Fv2%2Fcomments&post=539"}],"version-history":[{"count":1,"href":"http:\/\/www.lexique.org\/index.php?rest_route=\/wp\/v2\/pages\/539\/revisions"}],"predecessor-version":[{"id":540,"href":"http:\/\/www.lexique.org\/index.php?rest_route=\/wp\/v2\/pages\/539\/revisions\/540"}],"up":[{"embeddable":true,"href":"http:\/\/www.lexique.org\/index.php?rest_route=\/wp\/v2\/pages\/378"}],"wp:attachment":[{"href":"http:\/\/www.lexique.org\/index.php?rest_route=%2Fwp%2Fv2%2Fmedia&parent=539"}],"curies":[{"name":"wp","href":"https:\/\/api.w.org\/{rel}","templated":true}]}}