{"id":64,"date":"2019-04-01T09:04:08","date_gmt":"2019-04-01T09:04:08","guid":{"rendered":"http:\/\/www.lexique.org\/?page_id=64"},"modified":"2022-10-20T20:02:55","modified_gmt":"2022-10-20T20:02:55","slug":"comment-interroger-lexique-avec-r","status":"publish","type":"page","link":"http:\/\/www.lexique.org\/?page_id=64","title":{"rendered":"Comment interroger Lexique avec R"},"content":{"rendered":"\n<p>L&#8217;interface graphique de consultation des tables ne permet que des op\u00e9rations de filtrage simples. Pour certaines manipulations, il est plus indiqu\u00e9 d&#8217;employer un script. Notre document <a href=\"https:\/\/github.com\/chrplr\/openlexicon\/blob\/master\/documents\/Interroger-Lexique-avec-R\/interroger-lexique-avec-R.pdf\" target=\"_blank\" rel=\"noreferrer noopener\">&#8220;Interroger lexique avec R&#8221;<\/a> fournit des informations d\u00e9taill\u00e9es et des exemples de recherche avec le langage R.<br>Par exemple, pour rechercher une liste de mots, bien qu&#8217;il soit possible d&#8217;utiliser une expression r\u00e9guli\u00e8re (p.ex. <code>mouton|chat|chien<\/code> ) dans l&#8217;interface graphique, il est plus efficace, d&#8217;utiliser la fonction subset de R:<br><\/p>\n\n\n\n<ol class=\"wp-block-list\"><li>Si vous ne les avez pas d\u00e9j\u00e0, il vous faut installer les logiciels  <a rel=\"noreferrer noopener\" aria-label=\"R (opens in a new tab)\" href=\"https:\/\/cran.r-project.org\/\" target=\"_blank\">R<\/a> et <a rel=\"noreferrer noopener\" aria-label=\"R-Studio Desktop (opens in a new tab)\" href=\"https:\/\/www.rstudio.com\" target=\"_blank\">R-Studio Desktop<\/a>. <\/li><li>D\u00e9marrer Rstudio puis copier les lignes suivantes dans le console (fen\u00eatre en bas \u00e0 gauche):<\/li><\/ol>\n\n\n\n<pre class=\"wp-block-code\"><code>\n   source('https:\/\/raw.githubusercontent.com\/chrplr\/openlexicon\/master\/datasets-info\/fetch_datasets.R')\n\nlexique &lt;- get_lexique383_rds()\n\n    items &lt;- c('bateau', 'avion', 'maison', 'arbre')\n\n    selection &lt;- subset(lexique, ortho %in% items)\n\n    head(selection)\n\n    write_tsv(selection, 'selection.tsv')\n<\/code><\/pre>\n\n\n\n<p>Note: il se peux que la connection soit trop lente pour charger la table, auquel vous devez la t\u00e9l\u00e9charger sur votre ordinateur et suivre les instructions fournies dans <a href=\"https:\/\/github.com\/chrplr\/openlexicon\/blob\/master\/documents\/Interroger-Lexique-avec-R\/interroger-lexique-avec-R.pdf\" target=\"_blank\" rel=\"noreferrer noopener\">&#8220;Interroger lexique avec R&#8221;<\/a> <br><\/p>\n\n\n\n<p><\/p>\n\n\n\n<p><br><\/p>\n\n\n\n<p><\/p>\n","protected":false},"excerpt":{"rendered":"<p>L&#8217;interface graphique de consultation des tables ne permet que des op\u00e9rations de filtrage simples. Pour certaines manipulations, il est plus indiqu\u00e9 d&#8217;employer un script. Notre document &#8220;Interroger lexique avec R&#8221; fournit des informations d\u00e9taill\u00e9es et des exemples de recherche avec le langage R.Par exemple, pour rechercher une liste de mots, bien qu&#8217;il soit possible d&#8217;utiliser [&hellip;]<\/p>\n","protected":false},"author":1,"featured_media":0,"parent":294,"menu_order":0,"comment_status":"closed","ping_status":"closed","template":"","meta":{"footnotes":""},"class_list":["post-64","page","type-page","status-publish","hentry","post-preview"],"_links":{"self":[{"href":"http:\/\/www.lexique.org\/index.php?rest_route=\/wp\/v2\/pages\/64","targetHints":{"allow":["GET"]}}],"collection":[{"href":"http:\/\/www.lexique.org\/index.php?rest_route=\/wp\/v2\/pages"}],"about":[{"href":"http:\/\/www.lexique.org\/index.php?rest_route=\/wp\/v2\/types\/page"}],"author":[{"embeddable":true,"href":"http:\/\/www.lexique.org\/index.php?rest_route=\/wp\/v2\/users\/1"}],"replies":[{"embeddable":true,"href":"http:\/\/www.lexique.org\/index.php?rest_route=%2Fwp%2Fv2%2Fcomments&post=64"}],"version-history":[{"count":15,"href":"http:\/\/www.lexique.org\/index.php?rest_route=\/wp\/v2\/pages\/64\/revisions"}],"predecessor-version":[{"id":639,"href":"http:\/\/www.lexique.org\/index.php?rest_route=\/wp\/v2\/pages\/64\/revisions\/639"}],"up":[{"embeddable":true,"href":"http:\/\/www.lexique.org\/index.php?rest_route=\/wp\/v2\/pages\/294"}],"wp:attachment":[{"href":"http:\/\/www.lexique.org\/index.php?rest_route=%2Fwp%2Fv2%2Fmedia&parent=64"}],"curies":[{"name":"wp","href":"https:\/\/api.w.org\/{rel}","templated":true}]}}