{"id":817,"date":"2025-09-04T07:54:22","date_gmt":"2025-09-04T07:54:22","guid":{"rendered":"http:\/\/www.lexique.org\/?page_id=817"},"modified":"2025-09-04T07:54:24","modified_gmt":"2025-09-04T07:54:24","slug":"unipseudo-un-generateur-universel-de-pseudomots","status":"publish","type":"page","link":"http:\/\/www.lexique.org\/?page_id=817","title":{"rendered":"Unipseudo : un g\u00e9n\u00e9rateur universel de pseudomots"},"content":{"rendered":"\n<p class=\"has-text-align-center\"><a href=\"https:\/\/psycho-usmb.fr\/boris.new\/\">Boris New<\/a>, <a href=\"http:\/\/www.pallier.org\">Christophe Pallier<\/a>, <a href=\"https:\/\/jbourgin.github.io\">Jessica Bourgin<\/a> &amp; <a href=\"https:\/\/lpnc.univ-grenoble-alpes.fr\/Julien-Barra\">Julien Barra<\/a><\/p>\n\n\n\n<p><\/p>\n\n\n\n<p><strong>Nouveau<\/strong> ! Notre article vient d&#8217;\u00eatre accept\u00e9 dans le Quarterly Journal of Experimental Psychology !<\/p>\n\n\n\n<p>UniPseudo est un g\u00e9n\u00e9rateur universel de pseudomots ou de nonmots. Il est dit &#8220;universel&#8221; car il peut fonctionner avec <strong>n&#8217;importe quelle langue alphab\u00e9tique <\/strong>ou syllabique et avec des <strong>formes phonologiques<\/strong>.<\/p>\n\n\n\n<div class=\"wp-block-buttons is-horizontal is-content-justification-center is-layout-flex wp-container-core-buttons-is-layout-499968f5 wp-block-buttons-is-layout-flex\">\n<div class=\"wp-block-button has-custom-width wp-block-button__width-25 is-style-outline is-style-outline--1\"><a class=\"wp-block-button__link has-accent-background-color has-text-color has-background wp-element-button\" href=\"http:\/\/www.lexique.org\/shiny\/unipseudo\/\" style=\"color:#000000\"><strong>Access Unipseudo<\/strong><\/a><\/div>\n<\/div>\n\n\n\n<h2 class=\"wp-block-heading\">Comment l&#8217;utiliser ?<\/h2>\n\n\n\n<div class=\"wp-block-columns is-layout-flex wp-container-core-columns-is-layout-9d6595d7 wp-block-columns-is-layout-flex\">\n<div class=\"wp-block-column is-layout-flow wp-block-column-is-layout-flow\">\n<p>-Allez sur <a href=\"http:\/\/www.lexique.org\/shiny\/unipseudo\/\">UniPseudo<\/a><br><\/p>\n\n\n\n<p class=\"has-black-color has-text-color\">1) choisissez la longueur des pseudo-mots que vous voulez<br>2) choisissez si vous voulez l&#8217;algorithme trigramme ou bigramme (moins de 5 lettres)<br>3) collez une liste de mots (ou mots phonologiques) ayant les caract\u00e9ristiques que vous voulez (peut \u00eatre une cat\u00e9gorie grammaticale, nombre de syllabes, etc.)<br>4) cliquez sur Go !<\/p>\n<\/div>\n\n\n\n<div class=\"wp-block-column is-layout-flow wp-block-column-is-layout-flow\">\n<figure class=\"wp-block-image size-large\"><img loading=\"lazy\" decoding=\"async\" width=\"729\" height=\"1024\" src=\"http:\/\/www.lexique.org\/wp-content\/uploads\/2021\/09\/Figure-Aide-1-729x1024.png\" alt=\"\" class=\"wp-image-587\" srcset=\"http:\/\/www.lexique.org\/wp-content\/uploads\/2021\/09\/Figure-Aide-1-729x1024.png 729w, http:\/\/www.lexique.org\/wp-content\/uploads\/2021\/09\/Figure-Aide-1-213x300.png 213w, http:\/\/www.lexique.org\/wp-content\/uploads\/2021\/09\/Figure-Aide-1-768x1079.png 768w, http:\/\/www.lexique.org\/wp-content\/uploads\/2021\/09\/Figure-Aide-1-1093x1536.png 1093w, http:\/\/www.lexique.org\/wp-content\/uploads\/2021\/09\/Figure-Aide-1-1457x2048.png 1457w, http:\/\/www.lexique.org\/wp-content\/uploads\/2021\/09\/Figure-Aide-1-676x950.png 676w, http:\/\/www.lexique.org\/wp-content\/uploads\/2021\/09\/Figure-Aide-1.png 1764w\" sizes=\"auto, (max-width: 729px) 100vw, 729px\" \/><\/figure>\n<\/div>\n<\/div>\n\n\n\n<h2 class=\"wp-block-heading\">Conseils pour l&#8217;utilisation d&#8217;UniPseudo<\/h2>\n\n\n\n<div class=\"wp-block-columns is-layout-flex wp-container-core-columns-is-layout-9d6595d7 wp-block-columns-is-layout-flex\">\n<div class=\"wp-block-column is-layout-flow wp-block-column-is-layout-flow\">\n<p>-Utiliser l&#8217;algorithme bigramme pour les mots de 3 ou 4 lettres (pour les mots de 5 lettres, il faut essayer bigramme et trigramme) 1)<br>-Si vous voulez des statistiques sub-lexicales pour le fran\u00e7ais, vous pouvez utiliser <a href=\"http:\/\/lexique-infra.lexique.org\">Lexique-Infra<\/a><br>-Si vous voulez utiliser UniPseudo pour g\u00e9n\u00e9rer des formes phonologiques, vous devez entrer des formes phonologiques ayant le m\u00eame nombre de phon\u00e8mes (par exemple 6).<\/p>\n<\/div>\n\n\n\n<div class=\"wp-block-column is-layout-flow wp-block-column-is-layout-flow\">\n<p><em>Exemples de formes phonologiques utilis\u00e9es dans UniPseudo pour g\u00e9n\u00e9rer des pseudomots phonologiques :<\/em><\/p>\n\n\n<div class=\"wp-block-image\">\n<figure class=\"aligncenter size-large is-resized\"><img loading=\"lazy\" decoding=\"async\" src=\"http:\/\/www.lexique.org\/wp-content\/uploads\/2021\/12\/Capture-decran-2021-12-08-a-10.06.15.png\" alt=\"\" class=\"wp-image-605\" width=\"64\" height=\"293\"\/><\/figure>\n<\/div>\n\n\n<p><\/p>\n<\/div>\n<\/div>\n\n\n\n<h2 class=\"wp-block-heading\">R\u00e9f\u00e9rence<\/h2>\n\n\n\n<p>New B. , Bourgin J., Barra J., &amp; Pallier C. (under press). UniPseudo : A Universal Pseudoword Generator. <em>Quarterly Journal of Experimental Psychology.<\/em><\/p>\n\n\n\n<p><\/p>\n","protected":false},"excerpt":{"rendered":"<p>Boris New, Christophe Pallier, Jessica Bourgin &amp; Julien Barra Nouveau ! Notre article vient d&#8217;\u00eatre accept\u00e9 dans le Quarterly Journal of Experimental Psychology ! UniPseudo est un g\u00e9n\u00e9rateur universel de pseudomots ou de nonmots. Il est dit &#8220;universel&#8221; car il peut fonctionner avec n&#8217;importe quelle langue alphab\u00e9tique ou syllabique et avec des formes phonologiques. Comment [&hellip;]<\/p>\n","protected":false},"author":1,"featured_media":0,"parent":0,"menu_order":0,"comment_status":"closed","ping_status":"closed","template":"","meta":{"footnotes":""},"class_list":["post-817","page","type-page","status-publish","hentry","post-preview"],"_links":{"self":[{"href":"http:\/\/www.lexique.org\/index.php?rest_route=\/wp\/v2\/pages\/817","targetHints":{"allow":["GET"]}}],"collection":[{"href":"http:\/\/www.lexique.org\/index.php?rest_route=\/wp\/v2\/pages"}],"about":[{"href":"http:\/\/www.lexique.org\/index.php?rest_route=\/wp\/v2\/types\/page"}],"author":[{"embeddable":true,"href":"http:\/\/www.lexique.org\/index.php?rest_route=\/wp\/v2\/users\/1"}],"replies":[{"embeddable":true,"href":"http:\/\/www.lexique.org\/index.php?rest_route=%2Fwp%2Fv2%2Fcomments&post=817"}],"version-history":[{"count":1,"href":"http:\/\/www.lexique.org\/index.php?rest_route=\/wp\/v2\/pages\/817\/revisions"}],"predecessor-version":[{"id":818,"href":"http:\/\/www.lexique.org\/index.php?rest_route=\/wp\/v2\/pages\/817\/revisions\/818"}],"wp:attachment":[{"href":"http:\/\/www.lexique.org\/index.php?rest_route=%2Fwp%2Fv2%2Fmedia&parent=817"}],"curies":[{"name":"wp","href":"https:\/\/api.w.org\/{rel}","templated":true}]}}