{"id":885,"date":"2026-01-26T16:51:58","date_gmt":"2026-01-26T16:51:58","guid":{"rendered":"http:\/\/www.lexique.org\/?page_id=885"},"modified":"2026-01-26T16:55:00","modified_gmt":"2026-01-26T16:55:00","slug":"885-2","status":"publish","type":"page","link":"http:\/\/www.lexique.org\/?page_id=885","title":{"rendered":"List de mots essentiel pour l&#8217;apprentissage du fran\u00e7ais (10 000 mots 90% de couverture)"},"content":{"rendered":"\n<h4 class=\"wp-block-heading\">Auteurs : Cobb, T., Lindqvist, C., &amp; Ramn\u00e4s, M.<\/h4>\n \n\n \n <p>Cette base de donn\u00e9es propose une liste p\u00e9dagogiquement optimis\u00e9e de <strong>familles de mots nucl\u00e9aires en fran\u00e7ais<\/strong>, \u00e9labor\u00e9e \u00e0 l\u2019aide de m\u00e9thodes de fr\u00e9quence bas\u00e9es sur des corpus afin de maximiser la couverture lexicale tout en minimisant la charge d\u2019apprentissage. Chaque famille comprend un mot-t\u00eate de base ainsi que ses formes fl\u00e9chies et d\u00e9riv\u00e9es les plus fr\u00e9quentes. La liste de base contient 3 000 familles de mots (25 141 formes), et la version nucl\u00e9aris\u00e9e en comprend 2 871 (10 458 formes), offrant environ 90 % de couverture des textes g\u00e9n\u00e9ralement utilis\u00e9s dans l\u2019enseignement de la lecture.<\/p> \n\n\n  <p>Tableau&nbsp;: <a href=\"http:\/\/www.lexique.org\/databases\/Cobb_2026\/Cobb_2026.xlsx\">LFNF_database.xlsx<\/a><\/p> \n\n  <p>En ligne&nbsp;: <a href=\"http:\/\/www.lexique.org\/shiny\/openlexicon\/\">Open Lexique<\/a> (Table&nbsp;: <strong>Cobb_2026 dans Vocabulary<\/strong>)<\/p>\n \n\n \n <h2 class=\"wp-block-heading\">Publications<\/h2> \n \n\n <ul class=\"wp-block-list\"><li><a href=\"https:\/\/doi.org\/10.1111\/modl.70021\">Cobb, T., Lindqvist, C., &amp; Ramn\u00e4s, M. (2026). Une liste de familles de mots nucl\u00e9aires pour le fran\u00e7ais. <em>The Modern Language Journal<\/em>.<\/a><\/li><\/ul> \n  <p><\/p> ","protected":false},"excerpt":{"rendered":"<p>Auteurs : Cobb, T., Lindqvist, C., &amp; Ramn\u00e4s, M. Cette base de donn\u00e9es propose une liste p\u00e9dagogiquement optimis\u00e9e de familles de mots nucl\u00e9aires en fran\u00e7ais, \u00e9labor\u00e9e \u00e0 l\u2019aide de m\u00e9thodes de fr\u00e9quence bas\u00e9es sur des corpus afin de maximiser la couverture lexicale tout en minimisant la charge d\u2019apprentissage. Chaque famille comprend un mot-t\u00eate de base [&hellip;]<\/p>\n","protected":false},"author":1,"featured_media":0,"parent":378,"menu_order":0,"comment_status":"closed","ping_status":"closed","template":"","meta":{"footnotes":""},"class_list":["post-885","page","type-page","status-publish","hentry","post-preview"],"_links":{"self":[{"href":"http:\/\/www.lexique.org\/index.php?rest_route=\/wp\/v2\/pages\/885","targetHints":{"allow":["GET"]}}],"collection":[{"href":"http:\/\/www.lexique.org\/index.php?rest_route=\/wp\/v2\/pages"}],"about":[{"href":"http:\/\/www.lexique.org\/index.php?rest_route=\/wp\/v2\/types\/page"}],"author":[{"embeddable":true,"href":"http:\/\/www.lexique.org\/index.php?rest_route=\/wp\/v2\/users\/1"}],"replies":[{"embeddable":true,"href":"http:\/\/www.lexique.org\/index.php?rest_route=%2Fwp%2Fv2%2Fcomments&post=885"}],"version-history":[{"count":2,"href":"http:\/\/www.lexique.org\/index.php?rest_route=\/wp\/v2\/pages\/885\/revisions"}],"predecessor-version":[{"id":888,"href":"http:\/\/www.lexique.org\/index.php?rest_route=\/wp\/v2\/pages\/885\/revisions\/888"}],"up":[{"embeddable":true,"href":"http:\/\/www.lexique.org\/index.php?rest_route=\/wp\/v2\/pages\/378"}],"wp:attachment":[{"href":"http:\/\/www.lexique.org\/index.php?rest_route=%2Fwp%2Fv2%2Fmedia&parent=885"}],"curies":[{"name":"wp","href":"https:\/\/api.w.org\/{rel}","templated":true}]}}