{"id":91,"date":"2019-04-02T09:13:55","date_gmt":"2019-04-02T09:13:55","guid":{"rendered":"http:\/\/www.lexique.org\/?page_id=91"},"modified":"2025-09-04T07:43:48","modified_gmt":"2025-09-04T07:43:48","slug":"le-projet-openlexicon","status":"publish","type":"page","link":"http:\/\/www.lexique.org\/?page_id=91","title":{"rendered":"Open Lexicon"},"content":{"rendered":"\n<p><em>Open Lexicon<\/em> est un projet d\u00e9riv\u00e9 de feu <em>Open Lexique<\/em> qui vise \u00e0<br>&#8211; permettre d&#8217;interroger simultan\u00e9ment plusieurs bases de donn\u00e9es. L&#8217;id\u00e9e est ainsi d&#8217;avoir facilement des caract\u00e9ristiques lexicales diverses et vari\u00e9es provenant de diff\u00e9rentes bases de donn\u00e9es.<br>&#8211; avoir ces interrogations simultan\u00e9es dans diverses langues et non uniquement en fran\u00e7ais (ce qui \u00e9tait le cas du projet <em>Open Lexique<\/em>)<\/p>\n\n\n\n<p> <em>Open Lexicon Github<\/em> fournit les bases de donn\u00e9es et le code source qui sous-tend les recherches sur http:\/\/www.lexique.org, ainsi que divers scripts pour cr\u00e9er ou extraire des informations \u00e0 partir de ces bases de donn\u00e9es (par exemple: recherches complexes, syllabification, calcul des voisins, calculs d&#8217;anagrammes,&#8230;)<br><br>Le projet est h\u00e9b\u00e9rg\u00e9 sur Github pour faciliter le travail collaboratif.<br><\/p>\n\n\n\n<div class=\"wp-block-button aligncenter\"><a class=\"wp-block-button__link\" href=\"http:\/\/github.com\/chrplr\/openlexicon\">Code source d&#8217;Open Lexicon sur GitHub<br><\/a><\/div>\n\n\n\n<div class=\"wp-block-button aligncenter\"><a class=\"wp-block-button__link\" href=\"https:\/\/chrplr.github.io\/openlexicon\">Documentation d&#8217;Open Lexicon<\/a><\/div>\n\n\n\n<div class=\"wp-block-button aligncenter\"><a class=\"wp-block-button__link\" href=\"http:\/\/www.lexique.org\/shiny\/openlexicon\">Recherche en ligne dans certaines bases d&#8217;Open Lexicon<br><\/a><\/div>\n","protected":false},"excerpt":{"rendered":"<p>Open Lexicon est un projet d\u00e9riv\u00e9 de feu Open Lexique qui vise \u00e0&#8211; permettre d&#8217;interroger simultan\u00e9ment plusieurs bases de donn\u00e9es. L&#8217;id\u00e9e est ainsi d&#8217;avoir facilement des caract\u00e9ristiques lexicales diverses et vari\u00e9es provenant de diff\u00e9rentes bases de donn\u00e9es.&#8211; avoir ces interrogations simultan\u00e9es dans diverses langues et non uniquement en fran\u00e7ais (ce qui \u00e9tait le cas du [&hellip;]<\/p>\n","protected":false},"author":1,"featured_media":0,"parent":0,"menu_order":0,"comment_status":"closed","ping_status":"closed","template":"","meta":{"footnotes":""},"class_list":["post-91","page","type-page","status-publish","hentry","post-preview"],"_links":{"self":[{"href":"http:\/\/www.lexique.org\/index.php?rest_route=\/wp\/v2\/pages\/91","targetHints":{"allow":["GET"]}}],"collection":[{"href":"http:\/\/www.lexique.org\/index.php?rest_route=\/wp\/v2\/pages"}],"about":[{"href":"http:\/\/www.lexique.org\/index.php?rest_route=\/wp\/v2\/types\/page"}],"author":[{"embeddable":true,"href":"http:\/\/www.lexique.org\/index.php?rest_route=\/wp\/v2\/users\/1"}],"replies":[{"embeddable":true,"href":"http:\/\/www.lexique.org\/index.php?rest_route=%2Fwp%2Fv2%2Fcomments&post=91"}],"version-history":[{"count":10,"href":"http:\/\/www.lexique.org\/index.php?rest_route=\/wp\/v2\/pages\/91\/revisions"}],"predecessor-version":[{"id":571,"href":"http:\/\/www.lexique.org\/index.php?rest_route=\/wp\/v2\/pages\/91\/revisions\/571"}],"wp:attachment":[{"href":"http:\/\/www.lexique.org\/index.php?rest_route=%2Fwp%2Fv2%2Fmedia&parent=91"}],"curies":[{"name":"wp","href":"https:\/\/api.w.org\/{rel}","templated":true}]}}