{"id":919,"date":"2026-04-27T13:49:38","date_gmt":"2026-04-27T13:49:38","guid":{"rendered":"http:\/\/www.lexique.org\/?page_id=919"},"modified":"2026-04-27T14:34:33","modified_gmt":"2026-04-27T14:34:33","slug":"how-to-use-lexique-online","status":"publish","type":"page","link":"http:\/\/www.lexique.org\/?page_id=919","title":{"rendered":"Comment utiliser Lexique online"},"content":{"rendered":"<style>\n.fa-wrap { font-family: -apple-system, BlinkMacSystemFont, \"Segoe UI\", sans-serif; max-width: 860px; margin: 0 auto; padding: 1.5rem 0; }\n.fa-title { color: #1AAFA0; font-size: 1.5rem; font-weight: 500; margin: 0 0 1.2rem; }\n.fa-table { width: 100%; border-collapse: collapse; font-size: 0.9rem; }\n.fa-table th { font-weight: 600; color: #111; text-align: center; padding: 10px 14px; border-bottom: 1.5px solid #ddd; }\n.fa-table th:first-child { text-align: left; }\n.fa-table td { padding: 10px 14px; border-bottom: 1px solid #eee; color: #111; vertical-align: middle; }\n.fa-table td:not(:first-child) { text-align: center; color: #999; }\n.fa-table tr:last-child td { border-bottom: none; }\n.fa-table tr:hover td { background: #f9f9f9; }\n.gif-icons { display: inline-flex; gap: 6px; justify-content: center; flex-wrap: wrap; }\n.gif-icon { display: inline-flex; flex-direction: column; align-items: center; text-decoration: none; border: 1px solid #ccc; border-radius: 4px; padding: 3px 5px; width: 38px; transition: background 0.15s; }\n.gif-icon:hover { background: #f0f0f0; }\n<\/style>\n<div class=\"fa-wrap\">\n<h3 class=\"fa-title\">Exemples de besoins<\/h3>\n<table class=\"fa-table\">\n<thead>\n<tr>\n<th><\/th>\n<th>GIF<\/th>\n<\/tr>\n<\/thead>\n<tbody>\n<tr>\n<td>Rechercher un mot<\/td>\n<td>\n<div class=\"gif-icons\">\n            <a class=\"gif-icon\" href=\"http:\/\/www.lexique.org\/wp-content\/uploads\/2026\/04\/RechMots.gif\" target=\"_blank\"><svg width=\"20\" height=\"24\" viewBox=\"0 0 20 24\" fill=\"none\"><rect x=\"1\" y=\"1\" width=\"18\" height=\"22\" rx=\"2\" fill=\"#fff\" stroke=\"#bbb\" stroke-width=\"1.2\"\/><path d=\"M12 1v5a1 1 0 001 1h5\" stroke=\"#bbb\" stroke-width=\"1.2\"\/><text x=\"10\" y=\"17\" text-anchor=\"middle\" font-size=\"6.5\" font-weight=\"700\" fill=\"#555\" font-family=\"sans-serif\">GIF<\/text><\/svg><\/a><\/p><\/div>\n<\/td>\n<\/tr>\n<tr>\n<td>Rechercher une liste de mots<\/td>\n<td>\n<div class=\"gif-icons\">\n            <a class=\"gif-icon\" href=\"http:\/\/www.lexique.org\/wp-content\/uploads\/2026\/04\/RechListeMots.gif\" target=\"_blank\"><svg width=\"20\" height=\"24\" viewBox=\"0 0 20 24\" fill=\"none\"><rect x=\"1\" y=\"1\" width=\"18\" height=\"22\" rx=\"2\" fill=\"#fff\" stroke=\"#bbb\" stroke-width=\"1.2\"\/><path d=\"M12 1v5a1 1 0 001 1h5\" stroke=\"#bbb\" stroke-width=\"1.2\"\/><text x=\"10\" y=\"17\" text-anchor=\"middle\" font-size=\"6.5\" font-weight=\"700\" fill=\"#555\" font-family=\"sans-serif\">GIF<\/text><\/svg><\/a><\/p><\/div>\n<\/td>\n<\/tr>\n<tr>\n<td>Exporter les r\u00e9sultats sous Excel<\/td>\n<td>\n<div class=\"gif-icons\">\n            <a class=\"gif-icon\" href=\"http:\/\/www.lexique.org\/wp-content\/uploads\/2026\/04\/ExportExcel.gif\" target=\"_blank\"><svg width=\"20\" height=\"24\" viewBox=\"0 0 20 24\" fill=\"none\"><rect x=\"1\" y=\"1\" width=\"18\" height=\"22\" rx=\"2\" fill=\"#fff\" stroke=\"#bbb\" stroke-width=\"1.2\"\/><path d=\"M12 1v5a1 1 0 001 1h5\" stroke=\"#bbb\" stroke-width=\"1.2\"\/><text x=\"10\" y=\"17\" text-anchor=\"middle\" font-size=\"6.5\" font-weight=\"700\" fill=\"#555\" font-family=\"sans-serif\">GIF<\/text><\/svg><\/a><\/p><\/div>\n<\/td>\n<\/tr>\n<tr>\n<td>Faire apparaitre tous les champs d&#8217;une base de donn\u00e9es<\/td>\n<td>\n<div class=\"gif-icons\">\n            <a class=\"gif-icon\" href=\"http:\/\/www.lexique.org\/wp-content\/uploads\/2026\/04\/FaireApparChpsInvis.gif\" target=\"_blank\"><svg width=\"20\" height=\"24\" viewBox=\"0 0 20 24\" fill=\"none\"><rect x=\"1\" y=\"1\" width=\"18\" height=\"22\" rx=\"2\" fill=\"#fff\" stroke=\"#bbb\" stroke-width=\"1.2\"\/><path d=\"M12 1v5a1 1 0 001 1h5\" stroke=\"#bbb\" stroke-width=\"1.2\"\/><text x=\"10\" y=\"17\" text-anchor=\"middle\" font-size=\"6.5\" font-weight=\"700\" fill=\"#555\" font-family=\"sans-serif\">GIF<\/text><\/svg><\/a><\/p><\/div>\n<\/td>\n<\/tr>\n<tr>\n<td>Chercher les mots de fr\u00e9quence >2 et <10 (occurences par million de mots)<\/td>\n<td>\n<div class=\"gif-icons\">\n            <a class=\"gif-icon\" href=\"http:\/\/www.lexique.org\/wp-content\/uploads\/2026\/04\/RechIntervFreq.gif\" target=\"_blank\"><svg width=\"20\" height=\"24\" viewBox=\"0 0 20 24\" fill=\"none\"><rect x=\"1\" y=\"1\" width=\"18\" height=\"22\" rx=\"2\" fill=\"#fff\" stroke=\"#bbb\" stroke-width=\"1.2\"\/><path d=\"M12 1v5a1 1 0 001 1h5\" stroke=\"#bbb\" stroke-width=\"1.2\"\/><text x=\"10\" y=\"17\" text-anchor=\"middle\" font-size=\"6.5\" font-weight=\"700\" fill=\"#555\" font-family=\"sans-serif\">GIF<\/text><\/svg><\/a><\/p><\/div>\n<\/td>\n<\/tr>\n<tr>\n<td>-Ne chercher que les lemmes (\u00e9viter les formes conjugu\u00e9es ou les pluriels)<\/td>\n<td>\n<div class=\"gif-icons\">\n            <a class=\"gif-icon\" href=\"http:\/\/www.lexique.org\/wp-content\/uploads\/2026\/04\/RechLemmes.gif\" target=\"_blank\"><svg width=\"20\" height=\"24\" viewBox=\"0 0 20 24\" fill=\"none\"><rect x=\"1\" y=\"1\" width=\"18\" height=\"22\" rx=\"2\" fill=\"#fff\" stroke=\"#bbb\" stroke-width=\"1.2\"\/><path d=\"M12 1v5a1 1 0 001 1h5\" stroke=\"#bbb\" stroke-width=\"1.2\"\/><text x=\"10\" y=\"17\" text-anchor=\"middle\" font-size=\"6.5\" font-weight=\"700\" fill=\"#555\" font-family=\"sans-serif\">GIF<\/text><\/svg><\/a><\/p><\/div>\n<\/td>\n<\/tr>\n<tr>\n<td>Rechercher une liste de mots<\/td>\n<td>\n<div class=\"gif-icons\">\n            <a class=\"gif-icon\" href=\"http:\/\/www.lexique.org\/wp-content\/uploads\/2026\/04\/RechListeMots.gif\" target=\"_blank\"><svg width=\"20\" height=\"24\" viewBox=\"0 0 20 24\" fill=\"none\"><rect x=\"1\" y=\"1\" width=\"18\" height=\"22\" rx=\"2\" fill=\"#fff\" stroke=\"#bbb\" stroke-width=\"1.2\"\/><path d=\"M12 1v5a1 1 0 001 1h5\" stroke=\"#bbb\" stroke-width=\"1.2\"\/><text x=\"10\" y=\"17\" text-anchor=\"middle\" font-size=\"6.5\" font-weight=\"700\" fill=\"#555\" font-family=\"sans-serif\">GIF<\/text><\/svg><\/a><\/p><\/div>\n<\/td>\n<\/tr>\n<tr>\n<td>Rechercher un nom<\/td>\n<td>\n<div class=\"gif-icons\">\n            <a class=\"gif-icon\" href=\"http:\/\/www.lexique.org\/wp-content\/uploads\/2026\/04\/RechNom.gif\" target=\"_blank\"><svg width=\"20\" height=\"24\" viewBox=\"0 0 20 24\" fill=\"none\"><rect x=\"1\" y=\"1\" width=\"18\" height=\"22\" rx=\"2\" fill=\"#fff\" stroke=\"#bbb\" stroke-width=\"1.2\"\/><path d=\"M12 1v5a1 1 0 001 1h5\" stroke=\"#bbb\" stroke-width=\"1.2\"\/><text x=\"10\" y=\"17\" text-anchor=\"middle\" font-size=\"6.5\" font-weight=\"700\" fill=\"#555\" font-family=\"sans-serif\">GIF<\/text><\/svg><\/a><\/p><\/div>\n<\/td>\n<\/tr>\n<tr>\n<td>Rechercher les mots qui commencent par<\/td>\n<td>\n<div class=\"gif-icons\">\n            <a class=\"gif-icon\" href=\"http:\/\/www.lexique.org\/wp-content\/uploads\/2026\/04\/RechCommencePar.gif\" target=\"_blank\"><svg width=\"20\" height=\"24\" viewBox=\"0 0 20 24\" fill=\"none\"><rect x=\"1\" y=\"1\" width=\"18\" height=\"22\" rx=\"2\" fill=\"#fff\" stroke=\"#bbb\" stroke-width=\"1.2\"\/><path d=\"M12 1v5a1 1 0 001 1h5\" stroke=\"#bbb\" stroke-width=\"1.2\"\/><text x=\"10\" y=\"17\" text-anchor=\"middle\" font-size=\"6.5\" font-weight=\"700\" fill=\"#555\" font-family=\"sans-serif\">GIF<\/text><\/svg><\/a><\/p><\/div>\n<\/td>\n<\/tr>\n<tr>\n<td>Rechercher les mots qui finissent par<\/td>\n<td>\n<div class=\"gif-icons\">\n            <a class=\"gif-icon\" href=\"http:\/\/www.lexique.org\/wp-content\/uploads\/2026\/04\/RechFinitPar.gif\" target=\"_blank\"><svg width=\"20\" height=\"24\" viewBox=\"0 0 20 24\" fill=\"none\"><rect x=\"1\" y=\"1\" width=\"18\" height=\"22\" rx=\"2\" fill=\"#fff\" stroke=\"#bbb\" stroke-width=\"1.2\"\/><path d=\"M12 1v5a1 1 0 001 1h5\" stroke=\"#bbb\" stroke-width=\"1.2\"\/><text x=\"10\" y=\"17\" text-anchor=\"middle\" font-size=\"6.5\" font-weight=\"700\" fill=\"#555\" font-family=\"sans-serif\">GIF<\/text><\/svg><\/a><\/p><\/div>\n<\/td>\n<\/tr>\n<td>Rechercher les mots qui commencent et finissent par<\/td>\n<td>\n<div class=\"gif-icons\">\n            <a class=\"gif-icon\" href=\"http:\/\/www.lexique.org\/wp-content\/uploads\/2026\/04\/RechCommenceFinitPar.gif\" target=\"_blank\"><svg width=\"20\" height=\"24\" viewBox=\"0 0 20 24\" fill=\"none\"><rect x=\"1\" y=\"1\" width=\"18\" height=\"22\" rx=\"2\" fill=\"#fff\" stroke=\"#bbb\" stroke-width=\"1.2\"\/><path d=\"M12 1v5a1 1 0 001 1h5\" stroke=\"#bbb\" stroke-width=\"1.2\"\/><text x=\"10\" y=\"17\" text-anchor=\"middle\" font-size=\"6.5\" font-weight=\"700\" fill=\"#555\" font-family=\"sans-serif\">GIF<\/text><\/svg><\/a><\/p><\/div>\n<\/td>\n<\/tr>\n<td>Rechercher les mots qui contiennent<\/td>\n<td>\n<div class=\"gif-icons\">\n            <a class=\"gif-icon\" href=\"http:\/\/www.lexique.org\/wp-content\/uploads\/2026\/04\/RechContient.gif\" target=\"_blank\"><svg width=\"20\" height=\"24\" viewBox=\"0 0 20 24\" fill=\"none\"><rect x=\"1\" y=\"1\" width=\"18\" height=\"22\" rx=\"2\" fill=\"#fff\" stroke=\"#bbb\" stroke-width=\"1.2\"\/><path d=\"M12 1v5a1 1 0 001 1h5\" stroke=\"#bbb\" stroke-width=\"1.2\"\/><text x=\"10\" y=\"17\" text-anchor=\"middle\" font-size=\"6.5\" font-weight=\"700\" fill=\"#555\" font-family=\"sans-serif\">GIF<\/text><\/svg><\/a><\/p><\/div>\n<\/td>\n<\/tr>\n<\/tbody>\n<\/table>\n<\/div>\n","protected":false},"excerpt":{"rendered":"<p>Exemples de besoins GIF Rechercher un mot GIF Rechercher une liste de mots GIF Exporter les r\u00e9sultats sous Excel GIF Faire apparaitre tous les champs d&#8217;une base de donn\u00e9es GIF Chercher les mots de fr\u00e9quence >2 et<\/p>\n","protected":false},"author":1,"featured_media":0,"parent":0,"menu_order":0,"comment_status":"closed","ping_status":"closed","template":"","meta":{"footnotes":""},"class_list":["post-919","page","type-page","status-publish","hentry","post-preview"],"_links":{"self":[{"href":"http:\/\/www.lexique.org\/index.php?rest_route=\/wp\/v2\/pages\/919","targetHints":{"allow":["GET"]}}],"collection":[{"href":"http:\/\/www.lexique.org\/index.php?rest_route=\/wp\/v2\/pages"}],"about":[{"href":"http:\/\/www.lexique.org\/index.php?rest_route=\/wp\/v2\/types\/page"}],"author":[{"embeddable":true,"href":"http:\/\/www.lexique.org\/index.php?rest_route=\/wp\/v2\/users\/1"}],"replies":[{"embeddable":true,"href":"http:\/\/www.lexique.org\/index.php?rest_route=%2Fwp%2Fv2%2Fcomments&post=919"}],"version-history":[{"count":5,"href":"http:\/\/www.lexique.org\/index.php?rest_route=\/wp\/v2\/pages\/919\/revisions"}],"predecessor-version":[{"id":937,"href":"http:\/\/www.lexique.org\/index.php?rest_route=\/wp\/v2\/pages\/919\/revisions\/937"}],"wp:attachment":[{"href":"http:\/\/www.lexique.org\/index.php?rest_route=%2Fwp%2Fv2%2Fmedia&parent=919"}],"curies":[{"name":"wp","href":"https:\/\/api.w.org\/{rel}","templated":true}]}}